{"id":3954,"date":"2023-06-15T09:16:42","date_gmt":"2023-06-15T09:16:42","guid":{"rendered":"https:\/\/www.proinvest.pt\/?page_id=3954"},"modified":"2024-05-09T09:38:25","modified_gmt":"2024-05-09T09:38:25","slug":"home-new","status":"publish","type":"page","link":"https:\/\/www.proinvest.pt\/en\/","title":{"rendered":"Home &#8211; New"},"content":{"rendered":"<div data-elementor-type=\"wp-page\" data-elementor-id=\"3954\" class=\"elementor elementor-3954\" data-elementor-post-type=\"page\">\n\t\t\t\t<div class=\"elementor-element elementor-element-de1b616 e-con-full e-flex e-con e-parent\" data-id=\"de1b616\" data-element_type=\"container\" data-settings=\"{&quot;background_background&quot;:&quot;classic&quot;,&quot;_ob_use_container_extras&quot;:&quot;no&quot;,&quot;_ob_column_hoveranimator&quot;:&quot;no&quot;,&quot;_ob_glider_is_slider&quot;:&quot;no&quot;,&quot;_ob_column_has_pseudo&quot;:&quot;no&quot;}\">\n\t\t<div class=\"elementor-element elementor-element-63606c9 e-con-full e-flex e-con e-child\" data-id=\"63606c9\" data-element_type=\"container\" data-settings=\"{&quot;_ob_use_container_extras&quot;:&quot;no&quot;,&quot;_ob_column_hoveranimator&quot;:&quot;no&quot;,&quot;_ob_glider_is_slider&quot;:&quot;no&quot;,&quot;_ob_column_has_pseudo&quot;:&quot;no&quot;}\">\n\t\t\t\t<div class=\"elementor-element elementor-element-7165d21 animated-fast elementor-invisible ob-has-background-overlay elementor-widget elementor-widget-image\" data-id=\"7165d21\" data-element_type=\"widget\" data-settings=\"{&quot;_animation&quot;:&quot;fadeIn&quot;,&quot;_ob_photomorph_use&quot;:&quot;no&quot;,&quot;_ob_widget_stalker_use&quot;:&quot;no&quot;,&quot;_ob_poopart_use&quot;:&quot;yes&quot;,&quot;_ob_shadough_use&quot;:&quot;no&quot;,&quot;_ob_allow_hoveranimator&quot;:&quot;no&quot;}\" data-widget_type=\"image.default\">\n\t\t\t\t<div class=\"elementor-widget-container\">\n\t\t\t\t\t\t\t\t\t\t\t\t\t<img fetchpriority=\"high\" decoding=\"async\" width=\"1024\" height=\"650\" src=\"https:\/\/www.proinvest.pt\/wp-content\/uploads\/2023\/07\/header-inv.webp\" class=\"attachment-large size-large wp-image-5611\" alt=\"\" srcset=\"https:\/\/www.proinvest.pt\/wp-content\/uploads\/2023\/07\/header-inv.webp 1024w, https:\/\/www.proinvest.pt\/wp-content\/uploads\/2023\/07\/header-inv-800x508.webp 800w, https:\/\/www.proinvest.pt\/wp-content\/uploads\/2023\/07\/header-inv-300x190.webp 300w, https:\/\/www.proinvest.pt\/wp-content\/uploads\/2023\/07\/header-inv-768x488.webp 768w, https:\/\/www.proinvest.pt\/wp-content\/uploads\/2023\/07\/header-inv-18x12.webp 18w, https:\/\/www.proinvest.pt\/wp-content\/uploads\/2023\/07\/header-inv-1000x635.webp 1000w, https:\/\/www.proinvest.pt\/wp-content\/uploads\/2023\/07\/header-inv-230x146.webp 230w, https:\/\/www.proinvest.pt\/wp-content\/uploads\/2023\/07\/header-inv-350x222.webp 350w, https:\/\/www.proinvest.pt\/wp-content\/uploads\/2023\/07\/header-inv-480x305.webp 480w\" sizes=\"(max-width: 1024px) 100vw, 1024px\" \/>\t\t\t\t\t\t\t\t\t\t\t\t\t<\/div>\n\t\t\t\t<\/div>\n\t\t\t\t<div class=\"elementor-element elementor-element-e5bf749 animated-fast ob-harakiri-inherit elementor-invisible ob-has-background-overlay elementor-widget elementor-widget-text-editor\" data-id=\"e5bf749\" data-element_type=\"widget\" data-settings=\"{&quot;_animation&quot;:&quot;fadeIn&quot;,&quot;_animation_delay&quot;:300,&quot;_ob_use_harakiri&quot;:&quot;yes&quot;,&quot;_ob_harakiri_writing_mode&quot;:&quot;inherit&quot;,&quot;_ob_postman_use&quot;:&quot;no&quot;,&quot;_ob_widget_stalker_use&quot;:&quot;no&quot;,&quot;_ob_poopart_use&quot;:&quot;yes&quot;,&quot;_ob_shadough_use&quot;:&quot;no&quot;,&quot;_ob_allow_hoveranimator&quot;:&quot;no&quot;}\" data-widget_type=\"text-editor.default\">\n\t\t\t\t<div class=\"elementor-widget-container\">\n\t\t\t\t\t\t\t<div class=\"TypographyPresentation TypographyPresentation--m RichText3-paragraph--withVSpacingNormal RichText3-paragraph\" style=\"text-align: left!important;\">A Proinvest \u00e9 uma empresa especializada na Media\u00e7\u00e3o e Avalia\u00e7\u00e3o de empresas e neg\u00f3cios, com foco em satisfazer as expetativas de quem nos escolhe, trabalhando sempre com base no sigilo.<\/div><div class=\"TypographyPresentation TypographyPresentation--m RichText3-paragraph--withVSpacingNormal RichText3-paragraph\">\u00a0<\/div><div class=\"TypographyPresentation TypographyPresentation--m RichText3-paragraph--withVSpacingNormal RichText3-paragraph\" style=\"text-align: left;\">Oferecemos um servi\u00e7o de excel\u00eancia obedecendo a rigorosos crit\u00e9rios como a assinatura de termos de confidencialidade, de forma a garantir a seguran\u00e7a de todos os intervenientes nos processos.<\/div>\t\t\t\t\t\t<\/div>\n\t\t\t\t<\/div>\n\t\t<div class=\"elementor-element elementor-element-3703dbd e-con-full animated-fast e-flex elementor-invisible e-con e-child\" data-id=\"3703dbd\" data-element_type=\"container\" data-settings=\"{&quot;animation&quot;:&quot;fadeIn&quot;,&quot;animation_delay&quot;:300,&quot;_ob_use_container_extras&quot;:&quot;no&quot;,&quot;_ob_column_hoveranimator&quot;:&quot;no&quot;,&quot;_ob_glider_is_slider&quot;:&quot;no&quot;,&quot;_ob_column_has_pseudo&quot;:&quot;no&quot;}\">\n\t\t\t\t<div class=\"elementor-element elementor-element-c40c10b elementor-mobile-align-center elementor-widget__width-auto button-home e-transform ob-has-background-overlay elementor-widget elementor-widget-button\" data-id=\"c40c10b\" data-element_type=\"widget\" data-settings=\"{&quot;_transform_scale_effect_hover&quot;:{&quot;unit&quot;:&quot;px&quot;,&quot;size&quot;:1.0500000000000000444089209850062616169452667236328125,&quot;sizes&quot;:[]},&quot;_ob_butterbutton_use_it&quot;:&quot;no&quot;,&quot;_ob_widget_stalker_use&quot;:&quot;no&quot;,&quot;_transform_scale_effect_hover_laptop&quot;:{&quot;unit&quot;:&quot;px&quot;,&quot;size&quot;:&quot;&quot;,&quot;sizes&quot;:[]},&quot;_transform_scale_effect_hover_tablet&quot;:{&quot;unit&quot;:&quot;px&quot;,&quot;size&quot;:&quot;&quot;,&quot;sizes&quot;:[]},&quot;_transform_scale_effect_hover_mobile&quot;:{&quot;unit&quot;:&quot;px&quot;,&quot;size&quot;:&quot;&quot;,&quot;sizes&quot;:[]},&quot;_ob_poopart_use&quot;:&quot;yes&quot;,&quot;_ob_shadough_use&quot;:&quot;no&quot;,&quot;_ob_allow_hoveranimator&quot;:&quot;no&quot;}\" data-widget_type=\"button.default\">\n\t\t\t\t<div class=\"elementor-widget-container\">\n\t\t\t\t\t\t\t<div class=\"elementor-button-wrapper\">\n\t\t\t\t\t<a class=\"elementor-button elementor-button-link elementor-size-sm\" href=\"https:\/\/www.proinvest.pt\/en\/quero-comprar\/\">\n\t\t\t\t\t\t<span class=\"elementor-button-content-wrapper\">\n\t\t\t\t\t\t\t\t\t<span class=\"elementor-button-text\">I want to buy<\/span>\n\t\t\t\t\t<\/span>\n\t\t\t\t\t<\/a>\n\t\t\t\t<\/div>\n\t\t\t\t\t\t<\/div>\n\t\t\t\t<\/div>\n\t\t\t\t<div class=\"elementor-element elementor-element-f389a85 elementor-mobile-align-center elementor-widget__width-auto button-home e-transform ob-has-background-overlay elementor-widget elementor-widget-button\" data-id=\"f389a85\" data-element_type=\"widget\" data-settings=\"{&quot;_transform_scale_effect_hover&quot;:{&quot;unit&quot;:&quot;px&quot;,&quot;size&quot;:1.0500000000000000444089209850062616169452667236328125,&quot;sizes&quot;:[]},&quot;_ob_butterbutton_use_it&quot;:&quot;no&quot;,&quot;_ob_widget_stalker_use&quot;:&quot;no&quot;,&quot;_transform_scale_effect_hover_laptop&quot;:{&quot;unit&quot;:&quot;px&quot;,&quot;size&quot;:&quot;&quot;,&quot;sizes&quot;:[]},&quot;_transform_scale_effect_hover_tablet&quot;:{&quot;unit&quot;:&quot;px&quot;,&quot;size&quot;:&quot;&quot;,&quot;sizes&quot;:[]},&quot;_transform_scale_effect_hover_mobile&quot;:{&quot;unit&quot;:&quot;px&quot;,&quot;size&quot;:&quot;&quot;,&quot;sizes&quot;:[]},&quot;_ob_poopart_use&quot;:&quot;yes&quot;,&quot;_ob_shadough_use&quot;:&quot;no&quot;,&quot;_ob_allow_hoveranimator&quot;:&quot;no&quot;}\" data-widget_type=\"button.default\">\n\t\t\t\t<div class=\"elementor-widget-container\">\n\t\t\t\t\t\t\t<div class=\"elementor-button-wrapper\">\n\t\t\t\t\t<a class=\"elementor-button elementor-button-link elementor-size-sm\" href=\"https:\/\/www.proinvest.pt\/en\/nossos-servicos\/\">\n\t\t\t\t\t\t<span class=\"elementor-button-content-wrapper\">\n\t\t\t\t\t\t\t\t\t<span class=\"elementor-button-text\">Explorar<\/span>\n\t\t\t\t\t<\/span>\n\t\t\t\t\t<\/a>\n\t\t\t\t<\/div>\n\t\t\t\t\t\t<\/div>\n\t\t\t\t<\/div>\n\t\t\t\t<div class=\"elementor-element elementor-element-06c5813 elementor-mobile-align-center elementor-widget__width-auto button-home e-transform ob-has-background-overlay elementor-widget elementor-widget-button\" data-id=\"06c5813\" data-element_type=\"widget\" data-settings=\"{&quot;_transform_scale_effect_hover&quot;:{&quot;unit&quot;:&quot;px&quot;,&quot;size&quot;:1.0500000000000000444089209850062616169452667236328125,&quot;sizes&quot;:[]},&quot;_ob_butterbutton_use_it&quot;:&quot;no&quot;,&quot;_ob_widget_stalker_use&quot;:&quot;no&quot;,&quot;_transform_scale_effect_hover_laptop&quot;:{&quot;unit&quot;:&quot;px&quot;,&quot;size&quot;:&quot;&quot;,&quot;sizes&quot;:[]},&quot;_transform_scale_effect_hover_tablet&quot;:{&quot;unit&quot;:&quot;px&quot;,&quot;size&quot;:&quot;&quot;,&quot;sizes&quot;:[]},&quot;_transform_scale_effect_hover_mobile&quot;:{&quot;unit&quot;:&quot;px&quot;,&quot;size&quot;:&quot;&quot;,&quot;sizes&quot;:[]},&quot;_ob_poopart_use&quot;:&quot;yes&quot;,&quot;_ob_shadough_use&quot;:&quot;no&quot;,&quot;_ob_allow_hoveranimator&quot;:&quot;no&quot;}\" data-widget_type=\"button.default\">\n\t\t\t\t<div class=\"elementor-widget-container\">\n\t\t\t\t\t\t\t<div class=\"elementor-button-wrapper\">\n\t\t\t\t\t<a class=\"elementor-button elementor-button-link elementor-size-sm\" href=\"https:\/\/www.proinvest.pt\/en\/quero-vender\/\">\n\t\t\t\t\t\t<span class=\"elementor-button-content-wrapper\">\n\t\t\t\t\t\t\t\t\t<span class=\"elementor-button-text\">I want to sell<\/span>\n\t\t\t\t\t<\/span>\n\t\t\t\t\t<\/a>\n\t\t\t\t<\/div>\n\t\t\t\t\t\t<\/div>\n\t\t\t\t<\/div>\n\t\t\t\t<\/div>\n\t\t\t\t<\/div>\n\t\t\t\t<div class=\"elementor-element elementor-element-cf2c974 elementor-shape-rounded elementor-grid-0 e-grid-align-center ob-has-background-overlay elementor-widget elementor-widget-social-icons\" data-id=\"cf2c974\" data-element_type=\"widget\" data-settings=\"{&quot;_ob_widget_stalker_use&quot;:&quot;no&quot;,&quot;_ob_poopart_use&quot;:&quot;yes&quot;,&quot;_ob_shadough_use&quot;:&quot;no&quot;,&quot;_ob_allow_hoveranimator&quot;:&quot;no&quot;}\" data-widget_type=\"social-icons.default\">\n\t\t\t\t<div class=\"elementor-widget-container\">\n\t\t\t\t\t<div class=\"elementor-social-icons-wrapper elementor-grid\">\n\t\t\t\t\t\t\t<span class=\"elementor-grid-item\">\n\t\t\t\t\t<a class=\"elementor-icon elementor-social-icon elementor-social-icon-whatsapp elementor-animation-grow elementor-repeater-item-b056b64\" href=\"https:\/\/wa.me\/351911000011\" target=\"_blank\">\n\t\t\t\t\t\t<span class=\"elementor-screen-only\">Whatsapp<\/span>\n\t\t\t\t\t\t<i class=\"fab fa-whatsapp\"><\/i>\t\t\t\t\t<\/a>\n\t\t\t\t<\/span>\n\t\t\t\t\t\t\t<span class=\"elementor-grid-item\">\n\t\t\t\t\t<a class=\"elementor-icon elementor-social-icon elementor-social-icon-facebook-f elementor-animation-grow elementor-repeater-item-5b71f32\" href=\"https:\/\/www.facebook.com\/proinvestpt\" target=\"_blank\">\n\t\t\t\t\t\t<span class=\"elementor-screen-only\">Facebook-f<\/span>\n\t\t\t\t\t\t<i class=\"fab fa-facebook-f\"><\/i>\t\t\t\t\t<\/a>\n\t\t\t\t<\/span>\n\t\t\t\t\t\t\t<span class=\"elementor-grid-item\">\n\t\t\t\t\t<a class=\"elementor-icon elementor-social-icon elementor-social-icon-instagram elementor-animation-grow elementor-repeater-item-413e1d5\" href=\"https:\/\/www.instagram.com\/proinvestpt\/\" target=\"_blank\">\n\t\t\t\t\t\t<span class=\"elementor-screen-only\">Instagram<\/span>\n\t\t\t\t\t\t<i class=\"fab fa-instagram\"><\/i>\t\t\t\t\t<\/a>\n\t\t\t\t<\/span>\n\t\t\t\t\t\t\t<span class=\"elementor-grid-item\">\n\t\t\t\t\t<a class=\"elementor-icon elementor-social-icon elementor-social-icon-linkedin-in elementor-animation-grow elementor-repeater-item-d72898c\" href=\"https:\/\/www.linkedin.com\/company\/proinvestpt\" target=\"_blank\">\n\t\t\t\t\t\t<span class=\"elementor-screen-only\">Linkedin-in<\/span>\n\t\t\t\t\t\t<i class=\"fab fa-linkedin-in\"><\/i>\t\t\t\t\t<\/a>\n\t\t\t\t<\/span>\n\t\t\t\t\t<\/div>\n\t\t\t\t<\/div>\n\t\t\t\t<\/div>\n\t\t\t\t<\/div>\n\t\t\t\t<\/div>","protected":false},"excerpt":{"rendered":"<p>A Proinvest \u00e9 uma empresa especializada na Media\u00e7\u00e3o e Avalia\u00e7\u00e3o de empresas e neg\u00f3cios, com foco em satisfazer as expetativas de quem [&hellip;]<\/p>","protected":false},"author":6,"featured_media":0,"parent":0,"menu_order":0,"comment_status":"closed","ping_status":"closed","template":"elementor_canvas","meta":{"_acf_changed":false,"footnotes":""},"class_list":["post-3954","page","type-page","status-publish","hentry"],"acf":[],"yoast_head":"<!-- This site is optimized with the Yoast SEO plugin v23.2 - https:\/\/yoast.com\/wordpress\/plugins\/seo\/ -->\n<title>Home - New | Proinvest<\/title>\n<meta name=\"description\" content=\"A Proinvest \u00e9 uma empresa especializada na Media\u00e7\u00e3o e Avalia\u00e7\u00e3o de empresas e neg\u00f3cios, com foco em satisfazer as expetativas de quem nos escolhe, trabalhando sempre com base no sigilo.\" \/>\n<meta name=\"robots\" content=\"index, follow, max-snippet:-1, max-image-preview:large, max-video-preview:-1\" \/>\n<link rel=\"canonical\" href=\"https:\/\/www.proinvest.pt\/en\/\" \/>\n<meta property=\"og:locale\" content=\"en_US\" \/>\n<meta property=\"og:type\" content=\"article\" \/>\n<meta property=\"og:title\" content=\"Home - New | Proinvest\" \/>\n<meta property=\"og:description\" content=\"A Proinvest \u00e9 uma empresa especializada na Media\u00e7\u00e3o e Avalia\u00e7\u00e3o de empresas e neg\u00f3cios, com foco em satisfazer as expetativas de quem nos escolhe, trabalhando sempre com base no sigilo.\" \/>\n<meta property=\"og:url\" content=\"https:\/\/www.proinvest.pt\/en\/\" \/>\n<meta property=\"og:site_name\" content=\"Proinvest\" \/>\n<meta property=\"article:publisher\" content=\"https:\/\/www.facebook.com\/proinvestpt\/\" \/>\n<meta property=\"article:modified_time\" content=\"2024-05-09T09:38:25+00:00\" \/>\n<meta property=\"og:image\" content=\"https:\/\/www.proinvest.pt\/wp-content\/uploads\/2023\/07\/header-inv.webp\" \/>\n<meta name=\"twitter:card\" content=\"summary_large_image\" \/>\n<meta name=\"twitter:label1\" content=\"Est. reading time\" \/>\n\t<meta name=\"twitter:data1\" content=\"1 minute\" \/>\n<script type=\"application\/ld+json\" class=\"yoast-schema-graph\">{\"@context\":\"https:\/\/schema.org\",\"@graph\":[{\"@type\":\"WebPage\",\"@id\":\"https:\/\/www.proinvest.pt\/\",\"url\":\"https:\/\/www.proinvest.pt\/\",\"name\":\"Home - New | Proinvest\",\"isPartOf\":{\"@id\":\"https:\/\/www.proinvest.pt\/#website\"},\"primaryImageOfPage\":{\"@id\":\"https:\/\/www.proinvest.pt\/#primaryimage\"},\"image\":{\"@id\":\"https:\/\/www.proinvest.pt\/#primaryimage\"},\"thumbnailUrl\":\"https:\/\/www.proinvest.pt\/wp-content\/uploads\/2023\/07\/header-inv.webp\",\"datePublished\":\"2023-06-15T09:16:42+00:00\",\"dateModified\":\"2024-05-09T09:38:25+00:00\",\"description\":\"A Proinvest \u00e9 uma empresa especializada na Media\u00e7\u00e3o e Avalia\u00e7\u00e3o de empresas e neg\u00f3cios, com foco em satisfazer as expetativas de quem nos escolhe, trabalhando sempre com base no sigilo.\",\"breadcrumb\":{\"@id\":\"https:\/\/www.proinvest.pt\/#breadcrumb\"},\"inLanguage\":\"en-US\",\"potentialAction\":[{\"@type\":\"ReadAction\",\"target\":[\"https:\/\/www.proinvest.pt\/\"]}]},{\"@type\":\"ImageObject\",\"inLanguage\":\"en-US\",\"@id\":\"https:\/\/www.proinvest.pt\/#primaryimage\",\"url\":\"https:\/\/www.proinvest.pt\/wp-content\/uploads\/2023\/07\/header-inv.webp\",\"contentUrl\":\"https:\/\/www.proinvest.pt\/wp-content\/uploads\/2023\/07\/header-inv.webp\"},{\"@type\":\"BreadcrumbList\",\"@id\":\"https:\/\/www.proinvest.pt\/#breadcrumb\",\"itemListElement\":[{\"@type\":\"ListItem\",\"position\":1,\"name\":\"In\u00edcio\",\"item\":\"https:\/\/www.proinvest.pt\/\"},{\"@type\":\"ListItem\",\"position\":2,\"name\":\"Home &#8211; New\"}]},{\"@type\":\"WebSite\",\"@id\":\"https:\/\/www.proinvest.pt\/#website\",\"url\":\"https:\/\/www.proinvest.pt\/\",\"name\":\"Proinvest\",\"description\":\"Site exclusivamente para an\u00fancios de venda de neg\u00f3cios e empresas. Aproximamos os propriet\u00e1rios, que pretendem vender o seu neg\u00f3cio a potenciais investidores.\",\"publisher\":{\"@id\":\"https:\/\/www.proinvest.pt\/#organization\"},\"potentialAction\":[{\"@type\":\"SearchAction\",\"target\":{\"@type\":\"EntryPoint\",\"urlTemplate\":\"https:\/\/www.proinvest.pt\/?s={search_term_string}\"},\"query-input\":\"required name=search_term_string\"}],\"inLanguage\":\"en-US\"},{\"@type\":\"Organization\",\"@id\":\"https:\/\/www.proinvest.pt\/#organization\",\"name\":\"Proinvest\",\"url\":\"https:\/\/www.proinvest.pt\/\",\"logo\":{\"@type\":\"ImageObject\",\"inLanguage\":\"en-US\",\"@id\":\"https:\/\/www.proinvest.pt\/#\/schema\/logo\/image\/\",\"url\":\"https:\/\/www.proinvest.pt\/wp-content\/uploads\/2021\/06\/cropped-favicon-inv.webp\",\"contentUrl\":\"https:\/\/www.proinvest.pt\/wp-content\/uploads\/2021\/06\/cropped-favicon-inv.webp\",\"width\":512,\"height\":512,\"caption\":\"Proinvest\"},\"image\":{\"@id\":\"https:\/\/www.proinvest.pt\/#\/schema\/logo\/image\/\"},\"sameAs\":[\"https:\/\/www.facebook.com\/proinvestpt\/\",\"https:\/\/www.instagram.com\/proinvestpt\/\",\"http:\/\/linkedin.com\/company\/proinvestpt\"]}]}<\/script>\n<!-- \/ Yoast SEO plugin. -->","yoast_head_json":{"title":"Home - New | Proinvest","description":"A Proinvest \u00e9 uma empresa especializada na Media\u00e7\u00e3o e Avalia\u00e7\u00e3o de empresas e neg\u00f3cios, com foco em satisfazer as expetativas de quem nos escolhe, trabalhando sempre com base no sigilo.","robots":{"index":"index","follow":"follow","max-snippet":"max-snippet:-1","max-image-preview":"max-image-preview:large","max-video-preview":"max-video-preview:-1"},"canonical":"https:\/\/www.proinvest.pt\/en\/","og_locale":"en_US","og_type":"article","og_title":"Home - New | Proinvest","og_description":"A Proinvest \u00e9 uma empresa especializada na Media\u00e7\u00e3o e Avalia\u00e7\u00e3o de empresas e neg\u00f3cios, com foco em satisfazer as expetativas de quem nos escolhe, trabalhando sempre com base no sigilo.","og_url":"https:\/\/www.proinvest.pt\/en\/","og_site_name":"Proinvest","article_publisher":"https:\/\/www.facebook.com\/proinvestpt\/","article_modified_time":"2024-05-09T09:38:25+00:00","og_image":[{"url":"https:\/\/www.proinvest.pt\/wp-content\/uploads\/2023\/07\/header-inv.webp"}],"twitter_card":"summary_large_image","twitter_misc":{"Est. reading time":"1 minute"},"schema":{"@context":"https:\/\/schema.org","@graph":[{"@type":"WebPage","@id":"https:\/\/www.proinvest.pt\/","url":"https:\/\/www.proinvest.pt\/","name":"Home - New | Proinvest","isPartOf":{"@id":"https:\/\/www.proinvest.pt\/#website"},"primaryImageOfPage":{"@id":"https:\/\/www.proinvest.pt\/#primaryimage"},"image":{"@id":"https:\/\/www.proinvest.pt\/#primaryimage"},"thumbnailUrl":"https:\/\/www.proinvest.pt\/wp-content\/uploads\/2023\/07\/header-inv.webp","datePublished":"2023-06-15T09:16:42+00:00","dateModified":"2024-05-09T09:38:25+00:00","description":"A Proinvest \u00e9 uma empresa especializada na Media\u00e7\u00e3o e Avalia\u00e7\u00e3o de empresas e neg\u00f3cios, com foco em satisfazer as expetativas de quem nos escolhe, trabalhando sempre com base no sigilo.","breadcrumb":{"@id":"https:\/\/www.proinvest.pt\/#breadcrumb"},"inLanguage":"en-US","potentialAction":[{"@type":"ReadAction","target":["https:\/\/www.proinvest.pt\/"]}]},{"@type":"ImageObject","inLanguage":"en-US","@id":"https:\/\/www.proinvest.pt\/#primaryimage","url":"https:\/\/www.proinvest.pt\/wp-content\/uploads\/2023\/07\/header-inv.webp","contentUrl":"https:\/\/www.proinvest.pt\/wp-content\/uploads\/2023\/07\/header-inv.webp"},{"@type":"BreadcrumbList","@id":"https:\/\/www.proinvest.pt\/#breadcrumb","itemListElement":[{"@type":"ListItem","position":1,"name":"In\u00edcio","item":"https:\/\/www.proinvest.pt\/"},{"@type":"ListItem","position":2,"name":"Home &#8211; New"}]},{"@type":"WebSite","@id":"https:\/\/www.proinvest.pt\/#website","url":"https:\/\/www.proinvest.pt\/","name":"Proinvest","description":"Site exclusivamente para an\u00fancios de venda de neg\u00f3cios e empresas. Aproximamos os propriet\u00e1rios, que pretendem vender o seu neg\u00f3cio a potenciais investidores.","publisher":{"@id":"https:\/\/www.proinvest.pt\/#organization"},"potentialAction":[{"@type":"SearchAction","target":{"@type":"EntryPoint","urlTemplate":"https:\/\/www.proinvest.pt\/?s={search_term_string}"},"query-input":"required name=search_term_string"}],"inLanguage":"en-US"},{"@type":"Organization","@id":"https:\/\/www.proinvest.pt\/#organization","name":"Proinvest","url":"https:\/\/www.proinvest.pt\/","logo":{"@type":"ImageObject","inLanguage":"en-US","@id":"https:\/\/www.proinvest.pt\/#\/schema\/logo\/image\/","url":"https:\/\/www.proinvest.pt\/wp-content\/uploads\/2021\/06\/cropped-favicon-inv.webp","contentUrl":"https:\/\/www.proinvest.pt\/wp-content\/uploads\/2021\/06\/cropped-favicon-inv.webp","width":512,"height":512,"caption":"Proinvest"},"image":{"@id":"https:\/\/www.proinvest.pt\/#\/schema\/logo\/image\/"},"sameAs":["https:\/\/www.facebook.com\/proinvestpt\/","https:\/\/www.instagram.com\/proinvestpt\/","http:\/\/linkedin.com\/company\/proinvestpt"]}]}},"_links":{"self":[{"href":"https:\/\/www.proinvest.pt\/en\/wp-json\/wp\/v2\/pages\/3954","targetHints":{"allow":["GET"]}}],"collection":[{"href":"https:\/\/www.proinvest.pt\/en\/wp-json\/wp\/v2\/pages"}],"about":[{"href":"https:\/\/www.proinvest.pt\/en\/wp-json\/wp\/v2\/types\/page"}],"author":[{"embeddable":true,"href":"https:\/\/www.proinvest.pt\/en\/wp-json\/wp\/v2\/users\/6"}],"replies":[{"embeddable":true,"href":"https:\/\/www.proinvest.pt\/en\/wp-json\/wp\/v2\/comments?post=3954"}],"version-history":[{"count":82,"href":"https:\/\/www.proinvest.pt\/en\/wp-json\/wp\/v2\/pages\/3954\/revisions"}],"predecessor-version":[{"id":8310,"href":"https:\/\/www.proinvest.pt\/en\/wp-json\/wp\/v2\/pages\/3954\/revisions\/8310"}],"wp:attachment":[{"href":"https:\/\/www.proinvest.pt\/en\/wp-json\/wp\/v2\/media?parent=3954"}],"curies":[{"name":"wp","href":"https:\/\/api.w.org\/{rel}","templated":true}]}}