{"id":8358,"date":"2024-07-17T08:23:18","date_gmt":"2024-07-17T08:23:18","guid":{"rendered":"https:\/\/www.proinvest.pt\/?post_type=product&#038;p=8358"},"modified":"2025-03-19T14:20:36","modified_gmt":"2025-03-19T14:20:36","slug":"parque-tematico-algarve","status":"publish","type":"product","link":"https:\/\/www.proinvest.pt\/en\/parque-tematico-algarve\/","title":{"rendered":"Parque Tem\u00e1tico para venda"},"content":{"rendered":"<ul>\n<li>Divers\u00e3o ideal para fam\u00edlias e jovens<\/li>\n<li>Adota uma pol\u00edtica de sustentabilidade e consci\u00eancia ambiental<\/li>\n<li>Parceria com in\u00fameros canais de venda, via online e presencial<\/li>\n<\/ul>","protected":false},"excerpt":{"rendered":"<p>Divers\u00e3o ideal para fam\u00edlias e jovens Adota uma pol\u00edtica de sustentabilidade e consci\u00eancia ambiental Parceria com in\u00fameros canais de venda, via online [&hellip;]<\/p>","protected":false},"featured_media":8359,"comment_status":"open","ping_status":"closed","template":"","meta":{"_acf_changed":false},"product_cat":[341],"product_tag":[327,309],"class_list":{"0":"post-8358","1":"product","2":"type-product","3":"status-publish","4":"has-post-thumbnail","6":"product_cat-comercio","7":"product_tag-algarve","8":"product_tag-comercial-1","10":"first","11":"instock","12":"shipping-taxable","13":"purchasable","14":"product-type-simple"},"acf":[],"yoast_head":"<!-- This site is optimized with the Yoast SEO plugin v23.2 - https:\/\/yoast.com\/wordpress\/plugins\/seo\/ -->\n<title>Parque Tem\u00e1tico para venda | Proinvest<\/title>\n<meta name=\"robots\" content=\"index, follow, max-snippet:-1, max-image-preview:large, max-video-preview:-1\" \/>\n<link rel=\"canonical\" href=\"https:\/\/www.proinvest.pt\/en\/parque-tematico-algarve\/\" \/>\n<meta property=\"og:locale\" content=\"en_US\" \/>\n<meta property=\"og:type\" content=\"article\" \/>\n<meta property=\"og:title\" content=\"Parque Tem\u00e1tico para venda | Proinvest\" \/>\n<meta property=\"og:description\" content=\"Divers\u00e3o ideal para fam\u00edlias e jovens Adota uma pol\u00edtica de sustentabilidade e consci\u00eancia ambiental Parceria com in\u00fameros canais de venda, via online [&hellip;]\" \/>\n<meta property=\"og:url\" content=\"https:\/\/www.proinvest.pt\/en\/parque-tematico-algarve\/\" \/>\n<meta property=\"og:site_name\" content=\"Proinvest\" \/>\n<meta property=\"article:publisher\" content=\"https:\/\/www.facebook.com\/proinvestpt\/\" \/>\n<meta property=\"article:modified_time\" content=\"2025-03-19T14:20:36+00:00\" \/>\n<meta property=\"og:image\" content=\"https:\/\/www.proinvest.pt\/wp-content\/uploads\/2024\/07\/roller-coaster-ride-carnival-park-scaled.jpg\" \/>\n\t<meta property=\"og:image:width\" content=\"2560\" \/>\n\t<meta property=\"og:image:height\" content=\"1707\" \/>\n\t<meta property=\"og:image:type\" content=\"image\/jpeg\" \/>\n<meta name=\"twitter:card\" content=\"summary_large_image\" \/>\n<meta name=\"twitter:label1\" content=\"Est. reading time\" \/>\n\t<meta name=\"twitter:data1\" content=\"1 minute\" \/>\n<script type=\"application\/ld+json\" class=\"yoast-schema-graph\">{\"@context\":\"https:\/\/schema.org\",\"@graph\":[{\"@type\":\"WebPage\",\"@id\":\"https:\/\/www.proinvest.pt\/parque-tematico-algarve\/\",\"url\":\"https:\/\/www.proinvest.pt\/parque-tematico-algarve\/\",\"name\":\"Parque Tem\u00e1tico para venda | Proinvest\",\"isPartOf\":{\"@id\":\"https:\/\/www.proinvest.pt\/#website\"},\"primaryImageOfPage\":{\"@id\":\"https:\/\/www.proinvest.pt\/parque-tematico-algarve\/#primaryimage\"},\"image\":{\"@id\":\"https:\/\/www.proinvest.pt\/parque-tematico-algarve\/#primaryimage\"},\"thumbnailUrl\":\"https:\/\/www.proinvest.pt\/wp-content\/uploads\/2024\/07\/roller-coaster-ride-carnival-park-scaled.jpg\",\"datePublished\":\"2024-07-17T08:23:18+00:00\",\"dateModified\":\"2025-03-19T14:20:36+00:00\",\"breadcrumb\":{\"@id\":\"https:\/\/www.proinvest.pt\/parque-tematico-algarve\/#breadcrumb\"},\"inLanguage\":\"en-US\",\"potentialAction\":[{\"@type\":\"ReadAction\",\"target\":[\"https:\/\/www.proinvest.pt\/parque-tematico-algarve\/\"]}]},{\"@type\":\"ImageObject\",\"inLanguage\":\"en-US\",\"@id\":\"https:\/\/www.proinvest.pt\/parque-tematico-algarve\/#primaryimage\",\"url\":\"https:\/\/www.proinvest.pt\/wp-content\/uploads\/2024\/07\/roller-coaster-ride-carnival-park-scaled.jpg\",\"contentUrl\":\"https:\/\/www.proinvest.pt\/wp-content\/uploads\/2024\/07\/roller-coaster-ride-carnival-park-scaled.jpg\",\"width\":2560,\"height\":1707},{\"@type\":\"BreadcrumbList\",\"@id\":\"https:\/\/www.proinvest.pt\/parque-tematico-algarve\/#breadcrumb\",\"itemListElement\":[{\"@type\":\"ListItem\",\"position\":1,\"name\":\"In\u00edcio\",\"item\":\"https:\/\/www.proinvest.pt\/\"},{\"@type\":\"ListItem\",\"position\":2,\"name\":\"Loja\",\"item\":\"https:\/\/www.proinvest.pt\/loja\/\"},{\"@type\":\"ListItem\",\"position\":3,\"name\":\"Parque Tem\u00e1tico para venda\"}]},{\"@type\":\"WebSite\",\"@id\":\"https:\/\/www.proinvest.pt\/#website\",\"url\":\"https:\/\/www.proinvest.pt\/\",\"name\":\"Proinvest\",\"description\":\"Site exclusivamente para an\u00fancios de venda de neg\u00f3cios e empresas. Aproximamos os propriet\u00e1rios, que pretendem vender o seu neg\u00f3cio a potenciais investidores.\",\"publisher\":{\"@id\":\"https:\/\/www.proinvest.pt\/#organization\"},\"potentialAction\":[{\"@type\":\"SearchAction\",\"target\":{\"@type\":\"EntryPoint\",\"urlTemplate\":\"https:\/\/www.proinvest.pt\/?s={search_term_string}\"},\"query-input\":\"required name=search_term_string\"}],\"inLanguage\":\"en-US\"},{\"@type\":\"Organization\",\"@id\":\"https:\/\/www.proinvest.pt\/#organization\",\"name\":\"Proinvest\",\"url\":\"https:\/\/www.proinvest.pt\/\",\"logo\":{\"@type\":\"ImageObject\",\"inLanguage\":\"en-US\",\"@id\":\"https:\/\/www.proinvest.pt\/#\/schema\/logo\/image\/\",\"url\":\"https:\/\/www.proinvest.pt\/wp-content\/uploads\/2021\/06\/cropped-favicon-inv.webp\",\"contentUrl\":\"https:\/\/www.proinvest.pt\/wp-content\/uploads\/2021\/06\/cropped-favicon-inv.webp\",\"width\":512,\"height\":512,\"caption\":\"Proinvest\"},\"image\":{\"@id\":\"https:\/\/www.proinvest.pt\/#\/schema\/logo\/image\/\"},\"sameAs\":[\"https:\/\/www.facebook.com\/proinvestpt\/\",\"https:\/\/www.instagram.com\/proinvestpt\/\",\"http:\/\/linkedin.com\/company\/proinvestpt\"]}]}<\/script>\n<!-- \/ Yoast SEO plugin. -->","yoast_head_json":{"title":"Parque Tem\u00e1tico para venda | Proinvest","robots":{"index":"index","follow":"follow","max-snippet":"max-snippet:-1","max-image-preview":"max-image-preview:large","max-video-preview":"max-video-preview:-1"},"canonical":"https:\/\/www.proinvest.pt\/en\/parque-tematico-algarve\/","og_locale":"en_US","og_type":"article","og_title":"Parque Tem\u00e1tico para venda | Proinvest","og_description":"Divers\u00e3o ideal para fam\u00edlias e jovens Adota uma pol\u00edtica de sustentabilidade e consci\u00eancia ambiental Parceria com in\u00fameros canais de venda, via online [&hellip;]","og_url":"https:\/\/www.proinvest.pt\/en\/parque-tematico-algarve\/","og_site_name":"Proinvest","article_publisher":"https:\/\/www.facebook.com\/proinvestpt\/","article_modified_time":"2025-03-19T14:20:36+00:00","og_image":[{"width":2560,"height":1707,"url":"https:\/\/www.proinvest.pt\/wp-content\/uploads\/2024\/07\/roller-coaster-ride-carnival-park-scaled.jpg","type":"image\/jpeg"}],"twitter_card":"summary_large_image","twitter_misc":{"Est. reading time":"1 minute"},"schema":{"@context":"https:\/\/schema.org","@graph":[{"@type":"WebPage","@id":"https:\/\/www.proinvest.pt\/parque-tematico-algarve\/","url":"https:\/\/www.proinvest.pt\/parque-tematico-algarve\/","name":"Parque Tem\u00e1tico para venda | Proinvest","isPartOf":{"@id":"https:\/\/www.proinvest.pt\/#website"},"primaryImageOfPage":{"@id":"https:\/\/www.proinvest.pt\/parque-tematico-algarve\/#primaryimage"},"image":{"@id":"https:\/\/www.proinvest.pt\/parque-tematico-algarve\/#primaryimage"},"thumbnailUrl":"https:\/\/www.proinvest.pt\/wp-content\/uploads\/2024\/07\/roller-coaster-ride-carnival-park-scaled.jpg","datePublished":"2024-07-17T08:23:18+00:00","dateModified":"2025-03-19T14:20:36+00:00","breadcrumb":{"@id":"https:\/\/www.proinvest.pt\/parque-tematico-algarve\/#breadcrumb"},"inLanguage":"en-US","potentialAction":[{"@type":"ReadAction","target":["https:\/\/www.proinvest.pt\/parque-tematico-algarve\/"]}]},{"@type":"ImageObject","inLanguage":"en-US","@id":"https:\/\/www.proinvest.pt\/parque-tematico-algarve\/#primaryimage","url":"https:\/\/www.proinvest.pt\/wp-content\/uploads\/2024\/07\/roller-coaster-ride-carnival-park-scaled.jpg","contentUrl":"https:\/\/www.proinvest.pt\/wp-content\/uploads\/2024\/07\/roller-coaster-ride-carnival-park-scaled.jpg","width":2560,"height":1707},{"@type":"BreadcrumbList","@id":"https:\/\/www.proinvest.pt\/parque-tematico-algarve\/#breadcrumb","itemListElement":[{"@type":"ListItem","position":1,"name":"In\u00edcio","item":"https:\/\/www.proinvest.pt\/"},{"@type":"ListItem","position":2,"name":"Loja","item":"https:\/\/www.proinvest.pt\/loja\/"},{"@type":"ListItem","position":3,"name":"Parque Tem\u00e1tico para venda"}]},{"@type":"WebSite","@id":"https:\/\/www.proinvest.pt\/#website","url":"https:\/\/www.proinvest.pt\/","name":"Proinvest","description":"Site exclusivamente para an\u00fancios de venda de neg\u00f3cios e empresas. Aproximamos os propriet\u00e1rios, que pretendem vender o seu neg\u00f3cio a potenciais investidores.","publisher":{"@id":"https:\/\/www.proinvest.pt\/#organization"},"potentialAction":[{"@type":"SearchAction","target":{"@type":"EntryPoint","urlTemplate":"https:\/\/www.proinvest.pt\/?s={search_term_string}"},"query-input":"required name=search_term_string"}],"inLanguage":"en-US"},{"@type":"Organization","@id":"https:\/\/www.proinvest.pt\/#organization","name":"Proinvest","url":"https:\/\/www.proinvest.pt\/","logo":{"@type":"ImageObject","inLanguage":"en-US","@id":"https:\/\/www.proinvest.pt\/#\/schema\/logo\/image\/","url":"https:\/\/www.proinvest.pt\/wp-content\/uploads\/2021\/06\/cropped-favicon-inv.webp","contentUrl":"https:\/\/www.proinvest.pt\/wp-content\/uploads\/2021\/06\/cropped-favicon-inv.webp","width":512,"height":512,"caption":"Proinvest"},"image":{"@id":"https:\/\/www.proinvest.pt\/#\/schema\/logo\/image\/"},"sameAs":["https:\/\/www.facebook.com\/proinvestpt\/","https:\/\/www.instagram.com\/proinvestpt\/","http:\/\/linkedin.com\/company\/proinvestpt"]}]}},"_links":{"self":[{"href":"https:\/\/www.proinvest.pt\/en\/wp-json\/wp\/v2\/product\/8358","targetHints":{"allow":["GET"]}}],"collection":[{"href":"https:\/\/www.proinvest.pt\/en\/wp-json\/wp\/v2\/product"}],"about":[{"href":"https:\/\/www.proinvest.pt\/en\/wp-json\/wp\/v2\/types\/product"}],"replies":[{"embeddable":true,"href":"https:\/\/www.proinvest.pt\/en\/wp-json\/wp\/v2\/comments?post=8358"}],"wp:featuredmedia":[{"embeddable":true,"href":"https:\/\/www.proinvest.pt\/en\/wp-json\/wp\/v2\/media\/8359"}],"wp:attachment":[{"href":"https:\/\/www.proinvest.pt\/en\/wp-json\/wp\/v2\/media?parent=8358"}],"wp:term":[{"taxonomy":"product_cat","embeddable":true,"href":"https:\/\/www.proinvest.pt\/en\/wp-json\/wp\/v2\/product_cat?post=8358"},{"taxonomy":"product_tag","embeddable":true,"href":"https:\/\/www.proinvest.pt\/en\/wp-json\/wp\/v2\/product_tag?post=8358"}],"curies":[{"name":"wp","href":"https:\/\/api.w.org\/{rel}","templated":true}]}}