{"id":8415,"date":"2024-10-25T09:30:37","date_gmt":"2024-10-25T09:30:37","guid":{"rendered":"https:\/\/www.proinvest.pt\/?post_type=product&#038;p=8415"},"modified":"2024-11-26T16:58:25","modified_gmt":"2024-11-26T16:58:25","slug":"empresa-de-brindes-publicitarios-personalizados-e-promocionais-para-venda-1","status":"publish","type":"product","link":"https:\/\/www.proinvest.pt\/en\/empresa-de-brindes-publicitarios-personalizados-e-promocionais-para-venda-1\/","title":{"rendered":"Empresa de Brindes Publicit\u00e1rios, Personalizados e Promocionais para venda"},"content":{"rendered":"<ul>\n<li>\n<p data-pm-slice=\"1 1 []\">Volume M\u00e9dio de Neg\u00f3cios: 1.000.000\u20ac;<\/p>\n<\/li>\n<li>\n<p data-pm-slice=\"1 1 []\">Parcerias com diversas marcas no setor;<\/p>\n<\/li>\n<li>\n<p data-pm-slice=\"1 1 []\">EBITDA m\u00e9dio: 35.502,75\u20ac;<\/p>\n<\/li>\n<li>Equipa totalmente formada e especializada.<\/li>\n<\/ul>","protected":false},"excerpt":{"rendered":"<p>Volume M\u00e9dio de Neg\u00f3cios: 1.000.000\u20ac; Parcerias com diversas marcas no setor; EBITDA m\u00e9dio: 35.502,75\u20ac; Equipa totalmente formada e especializada.<\/p>","protected":false},"featured_media":8416,"comment_status":"open","ping_status":"closed","template":"","meta":{"_acf_changed":false},"product_cat":[343],"product_tag":[327,309],"class_list":{"0":"post-8415","1":"product","2":"type-product","3":"status-publish","4":"has-post-thumbnail","6":"product_cat-servicos","7":"product_tag-algarve","8":"product_tag-comercial-1","10":"first","11":"instock","12":"shipping-taxable","13":"purchasable","14":"product-type-simple"},"acf":[],"yoast_head":"<!-- This site is optimized with the Yoast SEO plugin v23.2 - https:\/\/yoast.com\/wordpress\/plugins\/seo\/ -->\n<title>Empresa de Brindes Publicit\u00e1rios, Personalizados e Promocionais para venda | Proinvest<\/title>\n<meta name=\"robots\" content=\"index, follow, max-snippet:-1, max-image-preview:large, max-video-preview:-1\" \/>\n<link rel=\"canonical\" href=\"https:\/\/www.proinvest.pt\/en\/empresa-de-brindes-publicitarios-personalizados-e-promocionais-para-venda-1\/\" \/>\n<meta property=\"og:locale\" content=\"en_US\" \/>\n<meta property=\"og:type\" content=\"article\" \/>\n<meta property=\"og:title\" content=\"Empresa de Brindes Publicit\u00e1rios, Personalizados e Promocionais para venda | Proinvest\" \/>\n<meta property=\"og:description\" content=\"Volume M\u00e9dio de Neg\u00f3cios: 1.000.000\u20ac; Parcerias com diversas marcas no setor; EBITDA m\u00e9dio: 35.502,75\u20ac; Equipa totalmente formada e especializada.\" \/>\n<meta property=\"og:url\" content=\"https:\/\/www.proinvest.pt\/en\/empresa-de-brindes-publicitarios-personalizados-e-promocionais-para-venda-1\/\" \/>\n<meta property=\"og:site_name\" content=\"Proinvest\" \/>\n<meta property=\"article:publisher\" content=\"https:\/\/www.facebook.com\/proinvestpt\/\" \/>\n<meta property=\"article:modified_time\" content=\"2024-11-26T16:58:25+00:00\" \/>\n<meta property=\"og:image\" content=\"https:\/\/www.proinvest.pt\/wp-content\/uploads\/2024\/10\/happy-couple-making-agreement-with-sales-agent.jpg\" \/>\n\t<meta property=\"og:image:width\" content=\"800\" \/>\n\t<meta property=\"og:image:height\" content=\"533\" \/>\n\t<meta property=\"og:image:type\" content=\"image\/jpeg\" \/>\n<meta name=\"twitter:card\" content=\"summary_large_image\" \/>\n<meta name=\"twitter:label1\" content=\"Est. reading time\" \/>\n\t<meta name=\"twitter:data1\" content=\"1 minute\" \/>\n<script type=\"application\/ld+json\" class=\"yoast-schema-graph\">{\"@context\":\"https:\/\/schema.org\",\"@graph\":[{\"@type\":\"WebPage\",\"@id\":\"https:\/\/www.proinvest.pt\/empresa-de-brindes-publicitarios-personalizados-e-promocionais-para-venda-1\/\",\"url\":\"https:\/\/www.proinvest.pt\/empresa-de-brindes-publicitarios-personalizados-e-promocionais-para-venda-1\/\",\"name\":\"Empresa de Brindes Publicit\u00e1rios, Personalizados e Promocionais para venda | Proinvest\",\"isPartOf\":{\"@id\":\"https:\/\/www.proinvest.pt\/#website\"},\"primaryImageOfPage\":{\"@id\":\"https:\/\/www.proinvest.pt\/empresa-de-brindes-publicitarios-personalizados-e-promocionais-para-venda-1\/#primaryimage\"},\"image\":{\"@id\":\"https:\/\/www.proinvest.pt\/empresa-de-brindes-publicitarios-personalizados-e-promocionais-para-venda-1\/#primaryimage\"},\"thumbnailUrl\":\"https:\/\/www.proinvest.pt\/wp-content\/uploads\/2024\/10\/happy-couple-making-agreement-with-sales-agent.jpg\",\"datePublished\":\"2024-10-25T09:30:37+00:00\",\"dateModified\":\"2024-11-26T16:58:25+00:00\",\"breadcrumb\":{\"@id\":\"https:\/\/www.proinvest.pt\/empresa-de-brindes-publicitarios-personalizados-e-promocionais-para-venda-1\/#breadcrumb\"},\"inLanguage\":\"en-US\",\"potentialAction\":[{\"@type\":\"ReadAction\",\"target\":[\"https:\/\/www.proinvest.pt\/empresa-de-brindes-publicitarios-personalizados-e-promocionais-para-venda-1\/\"]}]},{\"@type\":\"ImageObject\",\"inLanguage\":\"en-US\",\"@id\":\"https:\/\/www.proinvest.pt\/empresa-de-brindes-publicitarios-personalizados-e-promocionais-para-venda-1\/#primaryimage\",\"url\":\"https:\/\/www.proinvest.pt\/wp-content\/uploads\/2024\/10\/happy-couple-making-agreement-with-sales-agent.jpg\",\"contentUrl\":\"https:\/\/www.proinvest.pt\/wp-content\/uploads\/2024\/10\/happy-couple-making-agreement-with-sales-agent.jpg\",\"width\":800,\"height\":533},{\"@type\":\"BreadcrumbList\",\"@id\":\"https:\/\/www.proinvest.pt\/empresa-de-brindes-publicitarios-personalizados-e-promocionais-para-venda-1\/#breadcrumb\",\"itemListElement\":[{\"@type\":\"ListItem\",\"position\":1,\"name\":\"In\u00edcio\",\"item\":\"https:\/\/www.proinvest.pt\/\"},{\"@type\":\"ListItem\",\"position\":2,\"name\":\"Loja\",\"item\":\"https:\/\/www.proinvest.pt\/loja\/\"},{\"@type\":\"ListItem\",\"position\":3,\"name\":\"Empresa de Brindes Publicit\u00e1rios, Personalizados e Promocionais para venda\"}]},{\"@type\":\"WebSite\",\"@id\":\"https:\/\/www.proinvest.pt\/#website\",\"url\":\"https:\/\/www.proinvest.pt\/\",\"name\":\"Proinvest\",\"description\":\"Site exclusivamente para an\u00fancios de venda de neg\u00f3cios e empresas. Aproximamos os propriet\u00e1rios, que pretendem vender o seu neg\u00f3cio a potenciais investidores.\",\"publisher\":{\"@id\":\"https:\/\/www.proinvest.pt\/#organization\"},\"potentialAction\":[{\"@type\":\"SearchAction\",\"target\":{\"@type\":\"EntryPoint\",\"urlTemplate\":\"https:\/\/www.proinvest.pt\/?s={search_term_string}\"},\"query-input\":\"required name=search_term_string\"}],\"inLanguage\":\"en-US\"},{\"@type\":\"Organization\",\"@id\":\"https:\/\/www.proinvest.pt\/#organization\",\"name\":\"Proinvest\",\"url\":\"https:\/\/www.proinvest.pt\/\",\"logo\":{\"@type\":\"ImageObject\",\"inLanguage\":\"en-US\",\"@id\":\"https:\/\/www.proinvest.pt\/#\/schema\/logo\/image\/\",\"url\":\"https:\/\/www.proinvest.pt\/wp-content\/uploads\/2021\/06\/cropped-favicon-inv.webp\",\"contentUrl\":\"https:\/\/www.proinvest.pt\/wp-content\/uploads\/2021\/06\/cropped-favicon-inv.webp\",\"width\":512,\"height\":512,\"caption\":\"Proinvest\"},\"image\":{\"@id\":\"https:\/\/www.proinvest.pt\/#\/schema\/logo\/image\/\"},\"sameAs\":[\"https:\/\/www.facebook.com\/proinvestpt\/\",\"https:\/\/www.instagram.com\/proinvestpt\/\",\"http:\/\/linkedin.com\/company\/proinvestpt\"]}]}<\/script>\n<!-- \/ Yoast SEO plugin. -->","yoast_head_json":{"title":"Empresa de Brindes Publicit\u00e1rios, Personalizados e Promocionais para venda | Proinvest","robots":{"index":"index","follow":"follow","max-snippet":"max-snippet:-1","max-image-preview":"max-image-preview:large","max-video-preview":"max-video-preview:-1"},"canonical":"https:\/\/www.proinvest.pt\/en\/empresa-de-brindes-publicitarios-personalizados-e-promocionais-para-venda-1\/","og_locale":"en_US","og_type":"article","og_title":"Empresa de Brindes Publicit\u00e1rios, Personalizados e Promocionais para venda | Proinvest","og_description":"Volume M\u00e9dio de Neg\u00f3cios: 1.000.000\u20ac; Parcerias com diversas marcas no setor; EBITDA m\u00e9dio: 35.502,75\u20ac; Equipa totalmente formada e especializada.","og_url":"https:\/\/www.proinvest.pt\/en\/empresa-de-brindes-publicitarios-personalizados-e-promocionais-para-venda-1\/","og_site_name":"Proinvest","article_publisher":"https:\/\/www.facebook.com\/proinvestpt\/","article_modified_time":"2024-11-26T16:58:25+00:00","og_image":[{"width":800,"height":533,"url":"https:\/\/www.proinvest.pt\/wp-content\/uploads\/2024\/10\/happy-couple-making-agreement-with-sales-agent.jpg","type":"image\/jpeg"}],"twitter_card":"summary_large_image","twitter_misc":{"Est. reading time":"1 minute"},"schema":{"@context":"https:\/\/schema.org","@graph":[{"@type":"WebPage","@id":"https:\/\/www.proinvest.pt\/empresa-de-brindes-publicitarios-personalizados-e-promocionais-para-venda-1\/","url":"https:\/\/www.proinvest.pt\/empresa-de-brindes-publicitarios-personalizados-e-promocionais-para-venda-1\/","name":"Empresa de Brindes Publicit\u00e1rios, Personalizados e Promocionais para venda | Proinvest","isPartOf":{"@id":"https:\/\/www.proinvest.pt\/#website"},"primaryImageOfPage":{"@id":"https:\/\/www.proinvest.pt\/empresa-de-brindes-publicitarios-personalizados-e-promocionais-para-venda-1\/#primaryimage"},"image":{"@id":"https:\/\/www.proinvest.pt\/empresa-de-brindes-publicitarios-personalizados-e-promocionais-para-venda-1\/#primaryimage"},"thumbnailUrl":"https:\/\/www.proinvest.pt\/wp-content\/uploads\/2024\/10\/happy-couple-making-agreement-with-sales-agent.jpg","datePublished":"2024-10-25T09:30:37+00:00","dateModified":"2024-11-26T16:58:25+00:00","breadcrumb":{"@id":"https:\/\/www.proinvest.pt\/empresa-de-brindes-publicitarios-personalizados-e-promocionais-para-venda-1\/#breadcrumb"},"inLanguage":"en-US","potentialAction":[{"@type":"ReadAction","target":["https:\/\/www.proinvest.pt\/empresa-de-brindes-publicitarios-personalizados-e-promocionais-para-venda-1\/"]}]},{"@type":"ImageObject","inLanguage":"en-US","@id":"https:\/\/www.proinvest.pt\/empresa-de-brindes-publicitarios-personalizados-e-promocionais-para-venda-1\/#primaryimage","url":"https:\/\/www.proinvest.pt\/wp-content\/uploads\/2024\/10\/happy-couple-making-agreement-with-sales-agent.jpg","contentUrl":"https:\/\/www.proinvest.pt\/wp-content\/uploads\/2024\/10\/happy-couple-making-agreement-with-sales-agent.jpg","width":800,"height":533},{"@type":"BreadcrumbList","@id":"https:\/\/www.proinvest.pt\/empresa-de-brindes-publicitarios-personalizados-e-promocionais-para-venda-1\/#breadcrumb","itemListElement":[{"@type":"ListItem","position":1,"name":"In\u00edcio","item":"https:\/\/www.proinvest.pt\/"},{"@type":"ListItem","position":2,"name":"Loja","item":"https:\/\/www.proinvest.pt\/loja\/"},{"@type":"ListItem","position":3,"name":"Empresa de Brindes Publicit\u00e1rios, Personalizados e Promocionais para venda"}]},{"@type":"WebSite","@id":"https:\/\/www.proinvest.pt\/#website","url":"https:\/\/www.proinvest.pt\/","name":"Proinvest","description":"Site exclusivamente para an\u00fancios de venda de neg\u00f3cios e empresas. Aproximamos os propriet\u00e1rios, que pretendem vender o seu neg\u00f3cio a potenciais investidores.","publisher":{"@id":"https:\/\/www.proinvest.pt\/#organization"},"potentialAction":[{"@type":"SearchAction","target":{"@type":"EntryPoint","urlTemplate":"https:\/\/www.proinvest.pt\/?s={search_term_string}"},"query-input":"required name=search_term_string"}],"inLanguage":"en-US"},{"@type":"Organization","@id":"https:\/\/www.proinvest.pt\/#organization","name":"Proinvest","url":"https:\/\/www.proinvest.pt\/","logo":{"@type":"ImageObject","inLanguage":"en-US","@id":"https:\/\/www.proinvest.pt\/#\/schema\/logo\/image\/","url":"https:\/\/www.proinvest.pt\/wp-content\/uploads\/2021\/06\/cropped-favicon-inv.webp","contentUrl":"https:\/\/www.proinvest.pt\/wp-content\/uploads\/2021\/06\/cropped-favicon-inv.webp","width":512,"height":512,"caption":"Proinvest"},"image":{"@id":"https:\/\/www.proinvest.pt\/#\/schema\/logo\/image\/"},"sameAs":["https:\/\/www.facebook.com\/proinvestpt\/","https:\/\/www.instagram.com\/proinvestpt\/","http:\/\/linkedin.com\/company\/proinvestpt"]}]}},"_links":{"self":[{"href":"https:\/\/www.proinvest.pt\/en\/wp-json\/wp\/v2\/product\/8415","targetHints":{"allow":["GET"]}}],"collection":[{"href":"https:\/\/www.proinvest.pt\/en\/wp-json\/wp\/v2\/product"}],"about":[{"href":"https:\/\/www.proinvest.pt\/en\/wp-json\/wp\/v2\/types\/product"}],"replies":[{"embeddable":true,"href":"https:\/\/www.proinvest.pt\/en\/wp-json\/wp\/v2\/comments?post=8415"}],"wp:featuredmedia":[{"embeddable":true,"href":"https:\/\/www.proinvest.pt\/en\/wp-json\/wp\/v2\/media\/8416"}],"wp:attachment":[{"href":"https:\/\/www.proinvest.pt\/en\/wp-json\/wp\/v2\/media?parent=8415"}],"wp:term":[{"taxonomy":"product_cat","embeddable":true,"href":"https:\/\/www.proinvest.pt\/en\/wp-json\/wp\/v2\/product_cat?post=8415"},{"taxonomy":"product_tag","embeddable":true,"href":"https:\/\/www.proinvest.pt\/en\/wp-json\/wp\/v2\/product_tag?post=8415"}],"curies":[{"name":"wp","href":"https:\/\/api.w.org\/{rel}","templated":true}]}}