{"id":8475,"date":"2025-07-17T15:21:01","date_gmt":"2025-07-17T15:21:01","guid":{"rendered":"https:\/\/www.proinvest.pt\/?post_type=product&#038;p=8475"},"modified":"2025-09-19T13:14:32","modified_gmt":"2025-09-19T13:14:32","slug":"minimercado-para-trespasse","status":"publish","type":"product","link":"https:\/\/www.proinvest.pt\/en\/minimercado-para-trespasse\/","title":{"rendered":"Minimercado para trespasse"},"content":{"rendered":"<ul>\n<li>Zona de grande fluxo de pessoas<\/li>\n<li>Neg\u00f3cio rent\u00e1vel e pronto a operar<\/li>\n<li>Equipamentos: Novos e com garantia, prontos para uso imediato<\/li>\n<li>200m2<\/li>\n<li>1000\u20ac de renda, contrato de 5 anos<\/li>\n<li>2 funcion\u00e1rios<\/li>\n<\/ul>","protected":false},"excerpt":{"rendered":"<ul>\n<li>Zona de grande fluxo de pessoas<\/li>\n<li>Neg\u00f3cio rent\u00e1vel e pronto a operar<\/li>\n<li>Equipamentos: Novos e com garantia, prontos para uso imediato<\/li>\n<li>200m2<\/li>\n<li>1000\u20ac de renda, contrato de 5 anos<\/li>\n<li>2 funcion\u00e1rios<\/li>\n<\/ul>","protected":false},"featured_media":8478,"comment_status":"open","ping_status":"closed","template":"","meta":{"_acf_changed":false},"product_cat":[341],"product_tag":[],"class_list":{"0":"post-8475","1":"product","2":"type-product","3":"status-publish","4":"has-post-thumbnail","6":"product_cat-comercio","8":"first","9":"instock","10":"shipping-taxable","11":"purchasable","12":"product-type-simple"},"acf":[],"yoast_head":"<!-- This site is optimized with the Yoast SEO plugin v23.2 - https:\/\/yoast.com\/wordpress\/plugins\/seo\/ -->\n<title>Minimercado para trespasse | Proinvest<\/title>\n<meta name=\"robots\" content=\"index, follow, max-snippet:-1, max-image-preview:large, max-video-preview:-1\" \/>\n<link rel=\"canonical\" href=\"https:\/\/www.proinvest.pt\/en\/minimercado-para-trespasse\/\" \/>\n<meta property=\"og:locale\" content=\"en_US\" \/>\n<meta property=\"og:type\" content=\"article\" \/>\n<meta property=\"og:title\" content=\"Minimercado para trespasse | Proinvest\" \/>\n<meta property=\"og:description\" content=\"Zona de grande fluxo de pessoas  Neg\u00f3cio rent\u00e1vel e pronto a operar  Equipamentos: Novos e com garantia, prontos para uso imediato  200m2  1000\u20ac de renda, contrato de 5 anos  2 funcion\u00e1rios\" \/>\n<meta property=\"og:url\" content=\"https:\/\/www.proinvest.pt\/en\/minimercado-para-trespasse\/\" \/>\n<meta property=\"og:site_name\" content=\"Proinvest\" \/>\n<meta property=\"article:publisher\" content=\"https:\/\/www.facebook.com\/proinvestpt\/\" \/>\n<meta property=\"article:modified_time\" content=\"2025-09-19T13:14:32+00:00\" \/>\n<meta property=\"og:image\" content=\"https:\/\/www.proinvest.pt\/wp-content\/uploads\/2025\/07\/minimercado-2.png\" \/>\n\t<meta property=\"og:image:width\" content=\"1101\" \/>\n\t<meta property=\"og:image:height\" content=\"1468\" \/>\n\t<meta property=\"og:image:type\" content=\"image\/png\" \/>\n<meta name=\"twitter:card\" content=\"summary_large_image\" \/>\n<meta name=\"twitter:label1\" content=\"Est. reading time\" \/>\n\t<meta name=\"twitter:data1\" content=\"1 minute\" \/>\n<script type=\"application\/ld+json\" class=\"yoast-schema-graph\">{\"@context\":\"https:\/\/schema.org\",\"@graph\":[{\"@type\":\"WebPage\",\"@id\":\"https:\/\/www.proinvest.pt\/minimercado-para-trespasse\/\",\"url\":\"https:\/\/www.proinvest.pt\/minimercado-para-trespasse\/\",\"name\":\"Minimercado para trespasse | Proinvest\",\"isPartOf\":{\"@id\":\"https:\/\/www.proinvest.pt\/#website\"},\"primaryImageOfPage\":{\"@id\":\"https:\/\/www.proinvest.pt\/minimercado-para-trespasse\/#primaryimage\"},\"image\":{\"@id\":\"https:\/\/www.proinvest.pt\/minimercado-para-trespasse\/#primaryimage\"},\"thumbnailUrl\":\"https:\/\/www.proinvest.pt\/wp-content\/uploads\/2025\/07\/minimercado-2.png\",\"datePublished\":\"2025-07-17T15:21:01+00:00\",\"dateModified\":\"2025-09-19T13:14:32+00:00\",\"breadcrumb\":{\"@id\":\"https:\/\/www.proinvest.pt\/minimercado-para-trespasse\/#breadcrumb\"},\"inLanguage\":\"en-US\",\"potentialAction\":[{\"@type\":\"ReadAction\",\"target\":[\"https:\/\/www.proinvest.pt\/minimercado-para-trespasse\/\"]}]},{\"@type\":\"ImageObject\",\"inLanguage\":\"en-US\",\"@id\":\"https:\/\/www.proinvest.pt\/minimercado-para-trespasse\/#primaryimage\",\"url\":\"https:\/\/www.proinvest.pt\/wp-content\/uploads\/2025\/07\/minimercado-2.png\",\"contentUrl\":\"https:\/\/www.proinvest.pt\/wp-content\/uploads\/2025\/07\/minimercado-2.png\",\"width\":1101,\"height\":1468},{\"@type\":\"BreadcrumbList\",\"@id\":\"https:\/\/www.proinvest.pt\/minimercado-para-trespasse\/#breadcrumb\",\"itemListElement\":[{\"@type\":\"ListItem\",\"position\":1,\"name\":\"In\u00edcio\",\"item\":\"https:\/\/www.proinvest.pt\/\"},{\"@type\":\"ListItem\",\"position\":2,\"name\":\"Loja\",\"item\":\"https:\/\/www.proinvest.pt\/loja\/\"},{\"@type\":\"ListItem\",\"position\":3,\"name\":\"Minimercado para trespasse\"}]},{\"@type\":\"WebSite\",\"@id\":\"https:\/\/www.proinvest.pt\/#website\",\"url\":\"https:\/\/www.proinvest.pt\/\",\"name\":\"Proinvest\",\"description\":\"Site exclusivamente para an\u00fancios de venda de neg\u00f3cios e empresas. Aproximamos os propriet\u00e1rios, que pretendem vender o seu neg\u00f3cio a potenciais investidores.\",\"publisher\":{\"@id\":\"https:\/\/www.proinvest.pt\/#organization\"},\"potentialAction\":[{\"@type\":\"SearchAction\",\"target\":{\"@type\":\"EntryPoint\",\"urlTemplate\":\"https:\/\/www.proinvest.pt\/?s={search_term_string}\"},\"query-input\":\"required name=search_term_string\"}],\"inLanguage\":\"en-US\"},{\"@type\":\"Organization\",\"@id\":\"https:\/\/www.proinvest.pt\/#organization\",\"name\":\"Proinvest\",\"url\":\"https:\/\/www.proinvest.pt\/\",\"logo\":{\"@type\":\"ImageObject\",\"inLanguage\":\"en-US\",\"@id\":\"https:\/\/www.proinvest.pt\/#\/schema\/logo\/image\/\",\"url\":\"https:\/\/www.proinvest.pt\/wp-content\/uploads\/2021\/06\/cropped-favicon-inv.webp\",\"contentUrl\":\"https:\/\/www.proinvest.pt\/wp-content\/uploads\/2021\/06\/cropped-favicon-inv.webp\",\"width\":512,\"height\":512,\"caption\":\"Proinvest\"},\"image\":{\"@id\":\"https:\/\/www.proinvest.pt\/#\/schema\/logo\/image\/\"},\"sameAs\":[\"https:\/\/www.facebook.com\/proinvestpt\/\",\"https:\/\/www.instagram.com\/proinvestpt\/\",\"http:\/\/linkedin.com\/company\/proinvestpt\"]}]}<\/script>\n<!-- \/ Yoast SEO plugin. -->","yoast_head_json":{"title":"Minimercado para trespasse | Proinvest","robots":{"index":"index","follow":"follow","max-snippet":"max-snippet:-1","max-image-preview":"max-image-preview:large","max-video-preview":"max-video-preview:-1"},"canonical":"https:\/\/www.proinvest.pt\/en\/minimercado-para-trespasse\/","og_locale":"en_US","og_type":"article","og_title":"Minimercado para trespasse | Proinvest","og_description":"Zona de grande fluxo de pessoas  Neg\u00f3cio rent\u00e1vel e pronto a operar  Equipamentos: Novos e com garantia, prontos para uso imediato  200m2  1000\u20ac de renda, contrato de 5 anos  2 funcion\u00e1rios","og_url":"https:\/\/www.proinvest.pt\/en\/minimercado-para-trespasse\/","og_site_name":"Proinvest","article_publisher":"https:\/\/www.facebook.com\/proinvestpt\/","article_modified_time":"2025-09-19T13:14:32+00:00","og_image":[{"width":1101,"height":1468,"url":"https:\/\/www.proinvest.pt\/wp-content\/uploads\/2025\/07\/minimercado-2.png","type":"image\/png"}],"twitter_card":"summary_large_image","twitter_misc":{"Est. reading time":"1 minute"},"schema":{"@context":"https:\/\/schema.org","@graph":[{"@type":"WebPage","@id":"https:\/\/www.proinvest.pt\/minimercado-para-trespasse\/","url":"https:\/\/www.proinvest.pt\/minimercado-para-trespasse\/","name":"Minimercado para trespasse | Proinvest","isPartOf":{"@id":"https:\/\/www.proinvest.pt\/#website"},"primaryImageOfPage":{"@id":"https:\/\/www.proinvest.pt\/minimercado-para-trespasse\/#primaryimage"},"image":{"@id":"https:\/\/www.proinvest.pt\/minimercado-para-trespasse\/#primaryimage"},"thumbnailUrl":"https:\/\/www.proinvest.pt\/wp-content\/uploads\/2025\/07\/minimercado-2.png","datePublished":"2025-07-17T15:21:01+00:00","dateModified":"2025-09-19T13:14:32+00:00","breadcrumb":{"@id":"https:\/\/www.proinvest.pt\/minimercado-para-trespasse\/#breadcrumb"},"inLanguage":"en-US","potentialAction":[{"@type":"ReadAction","target":["https:\/\/www.proinvest.pt\/minimercado-para-trespasse\/"]}]},{"@type":"ImageObject","inLanguage":"en-US","@id":"https:\/\/www.proinvest.pt\/minimercado-para-trespasse\/#primaryimage","url":"https:\/\/www.proinvest.pt\/wp-content\/uploads\/2025\/07\/minimercado-2.png","contentUrl":"https:\/\/www.proinvest.pt\/wp-content\/uploads\/2025\/07\/minimercado-2.png","width":1101,"height":1468},{"@type":"BreadcrumbList","@id":"https:\/\/www.proinvest.pt\/minimercado-para-trespasse\/#breadcrumb","itemListElement":[{"@type":"ListItem","position":1,"name":"In\u00edcio","item":"https:\/\/www.proinvest.pt\/"},{"@type":"ListItem","position":2,"name":"Loja","item":"https:\/\/www.proinvest.pt\/loja\/"},{"@type":"ListItem","position":3,"name":"Minimercado para trespasse"}]},{"@type":"WebSite","@id":"https:\/\/www.proinvest.pt\/#website","url":"https:\/\/www.proinvest.pt\/","name":"Proinvest","description":"Site exclusivamente para an\u00fancios de venda de neg\u00f3cios e empresas. Aproximamos os propriet\u00e1rios, que pretendem vender o seu neg\u00f3cio a potenciais investidores.","publisher":{"@id":"https:\/\/www.proinvest.pt\/#organization"},"potentialAction":[{"@type":"SearchAction","target":{"@type":"EntryPoint","urlTemplate":"https:\/\/www.proinvest.pt\/?s={search_term_string}"},"query-input":"required name=search_term_string"}],"inLanguage":"en-US"},{"@type":"Organization","@id":"https:\/\/www.proinvest.pt\/#organization","name":"Proinvest","url":"https:\/\/www.proinvest.pt\/","logo":{"@type":"ImageObject","inLanguage":"en-US","@id":"https:\/\/www.proinvest.pt\/#\/schema\/logo\/image\/","url":"https:\/\/www.proinvest.pt\/wp-content\/uploads\/2021\/06\/cropped-favicon-inv.webp","contentUrl":"https:\/\/www.proinvest.pt\/wp-content\/uploads\/2021\/06\/cropped-favicon-inv.webp","width":512,"height":512,"caption":"Proinvest"},"image":{"@id":"https:\/\/www.proinvest.pt\/#\/schema\/logo\/image\/"},"sameAs":["https:\/\/www.facebook.com\/proinvestpt\/","https:\/\/www.instagram.com\/proinvestpt\/","http:\/\/linkedin.com\/company\/proinvestpt"]}]}},"_links":{"self":[{"href":"https:\/\/www.proinvest.pt\/en\/wp-json\/wp\/v2\/product\/8475","targetHints":{"allow":["GET"]}}],"collection":[{"href":"https:\/\/www.proinvest.pt\/en\/wp-json\/wp\/v2\/product"}],"about":[{"href":"https:\/\/www.proinvest.pt\/en\/wp-json\/wp\/v2\/types\/product"}],"replies":[{"embeddable":true,"href":"https:\/\/www.proinvest.pt\/en\/wp-json\/wp\/v2\/comments?post=8475"}],"wp:featuredmedia":[{"embeddable":true,"href":"https:\/\/www.proinvest.pt\/en\/wp-json\/wp\/v2\/media\/8478"}],"wp:attachment":[{"href":"https:\/\/www.proinvest.pt\/en\/wp-json\/wp\/v2\/media?parent=8475"}],"wp:term":[{"taxonomy":"product_cat","embeddable":true,"href":"https:\/\/www.proinvest.pt\/en\/wp-json\/wp\/v2\/product_cat?post=8475"},{"taxonomy":"product_tag","embeddable":true,"href":"https:\/\/www.proinvest.pt\/en\/wp-json\/wp\/v2\/product_tag?post=8475"}],"curies":[{"name":"wp","href":"https:\/\/api.w.org\/{rel}","templated":true}]}}