{"id":8525,"date":"2025-12-05T10:05:28","date_gmt":"2025-12-05T10:05:28","guid":{"rendered":"https:\/\/www.proinvest.pt\/?post_type=product&#038;p=8525"},"modified":"2025-12-05T10:10:02","modified_gmt":"2025-12-05T10:10:02","slug":"restaurante-para-venda","status":"publish","type":"product","link":"https:\/\/www.proinvest.pt\/en\/restaurante-para-venda\/","title":{"rendered":"Restaurante para Venda"},"content":{"rendered":"<div class=\"xdj266r x14z9mp xat24cr x1lziwak x1vvkbs x126k92a\">\n<div dir=\"auto\">Uma oportunidade \u00fanica no Algarve para investidores e empres\u00e1rios que procuram mais do que apenas um restaurante.<\/div>\n<\/div>\n<div class=\"x14z9mp xat24cr x1lziwak x1vvkbs xtlvy1s x126k92a\">\n<div dir=\"auto\">Este projeto exclusivo re\u00fane neg\u00f3cio em pleno funcionamento, im\u00f3vel em propriedade total e licen\u00e7as aprovadas para expans\u00e3o, oferecendo um potencial de crescimento diferenciado.<\/div>\n<div dir=\"auto\"><\/div>\n<\/div>\n<div class=\"x14z9mp xat24cr x1lziwak x1vvkbs xtlvy1s x126k92a\">\n<p>Destaques principais:<\/p>\n<ul>\n<li>Venda total das quotas da Empresa<\/li>\n<li>Im\u00f3vel pr\u00f3prio inclu\u00eddo na venda<\/li>\n<li>Licen\u00e7as aprovadas para amplia\u00e7\u00e3o ou nova constru\u00e7\u00e3o<\/li>\n<li>\u00a0Localiza\u00e7\u00e3o estrat\u00e9gica no Algarve<\/li>\n<li>Neg\u00f3cio chave-na-m\u00e3o, pronto a operar<\/li>\n<li>Elevada margem de crescimento e valoriza\u00e7\u00e3o<\/li>\n<\/ul>\n<\/div>\n<div class=\"x14z9mp xat24cr x1lziwak x1vvkbs xtlvy1s x126k92a\">\n<div dir=\"auto\"><\/div>\n<\/div>\n<div class=\"x14z9mp xat24cr x1lziwak x1vvkbs xtlvy1s x126k92a\">\n<div dir=\"auto\">Uma excelente oportunidade para iniciar ou expandir um projeto s\u00f3lido na \u00e1rea da restaura\u00e7\u00e3o.<\/div>\n<\/div>","protected":false},"excerpt":{"rendered":"<div class=\"xdj266r x14z9mp xat24cr x1lziwak x1vvkbs x126k92a\">\n<div dir=\"auto\">Uma oportunidade \u00fanica no Algarve para investidores e empres\u00e1rios que procuram mais do que apenas um restaurante.<\/div>\n<\/div>\n<div class=\"x14z9mp xat24cr x1lziwak x1vvkbs xtlvy1s x126k92a\">\n<div dir=\"auto\">Este projeto exclusivo re\u00fane neg\u00f3cio em pleno funcionamento, im\u00f3vel em propriedade total e licen\u00e7as aprovadas para expans\u00e3o, oferecendo um potencial de crescimento diferenciado.<\/div>\n<div dir=\"auto\"><\/div>\n<\/div>\n<div class=\"x14z9mp xat24cr x1lziwak x1vvkbs xtlvy1s x126k92a\">\n<p>Destaques principais:<\/p>\n<ul>\n<li>Venda total das quotas da Empresa<\/li>\n<li>Im\u00f3vel pr\u00f3prio inclu\u00eddo na venda<\/li>\n<li>Licen\u00e7as aprovadas para amplia\u00e7\u00e3o ou nova constru\u00e7\u00e3o<\/li>\n<li>\u00a0Localiza\u00e7\u00e3o estrat\u00e9gica no Algarve<\/li>\n<li>Neg\u00f3cio chave-na-m\u00e3o, pronto a operar<\/li>\n<li>Elevada margem de crescimento e valoriza\u00e7\u00e3o<\/li>\n<\/ul>\n<\/div>\n<div class=\"x14z9mp xat24cr x1lziwak x1vvkbs xtlvy1s x126k92a\">\n<div dir=\"auto\"><\/div>\n<\/div>\n<div class=\"x14z9mp xat24cr x1lziwak x1vvkbs xtlvy1s x126k92a\">\n<div dir=\"auto\">Uma excelente oportunidade para iniciar ou expandir um projeto s\u00f3lido na \u00e1rea da restaura\u00e7\u00e3o.<\/div>\n<\/div>","protected":false},"featured_media":8526,"comment_status":"open","ping_status":"closed","template":"","meta":{"_acf_changed":false},"product_cat":[217],"product_tag":[],"class_list":{"0":"post-8525","1":"product","2":"type-product","3":"status-publish","4":"has-post-thumbnail","6":"product_cat-sem-categoria","8":"first","9":"instock","10":"shipping-taxable","11":"purchasable","12":"product-type-simple"},"acf":[],"yoast_head":"<!-- This site is optimized with the Yoast SEO plugin v23.2 - https:\/\/yoast.com\/wordpress\/plugins\/seo\/ -->\n<title>Restaurante para Venda | Proinvest<\/title>\n<meta name=\"robots\" content=\"index, follow, max-snippet:-1, max-image-preview:large, max-video-preview:-1\" \/>\n<link rel=\"canonical\" href=\"https:\/\/www.proinvest.pt\/en\/restaurante-para-venda\/\" \/>\n<meta property=\"og:locale\" content=\"en_US\" \/>\n<meta property=\"og:type\" content=\"article\" \/>\n<meta property=\"og:title\" content=\"Restaurante para Venda | Proinvest\" \/>\n<meta property=\"og:description\" content=\"Uma oportunidade \u00fanica no Algarve para investidores e empres\u00e1rios que procuram mais do que apenas um restaurante.   Este projeto exclusivo re\u00fane neg\u00f3cio em pleno funcionamento, im\u00f3vel em propriedade total e licen\u00e7as aprovadas para expans\u00e3o, oferecendo um potencial de crescimento diferenciado.     Destaques principais:   Venda total das quotas da Empresa  Im\u00f3vel pr\u00f3prio inclu\u00eddo na venda  Licen\u00e7as aprovadas para amplia\u00e7\u00e3o ou nova constru\u00e7\u00e3o  \u00a0Localiza\u00e7\u00e3o estrat\u00e9gica no Algarve  Neg\u00f3cio chave-na-m\u00e3o, pronto a operar  Elevada margem de crescimento e valoriza\u00e7\u00e3o       Uma excelente oportunidade para iniciar ou expandir um projeto s\u00f3lido na \u00e1rea da restaura\u00e7\u00e3o.\" \/>\n<meta property=\"og:url\" content=\"https:\/\/www.proinvest.pt\/en\/restaurante-para-venda\/\" \/>\n<meta property=\"og:site_name\" content=\"Proinvest\" \/>\n<meta property=\"article:publisher\" content=\"https:\/\/www.facebook.com\/proinvestpt\/\" \/>\n<meta property=\"article:modified_time\" content=\"2025-12-05T10:10:02+00:00\" \/>\n<meta property=\"og:image\" content=\"https:\/\/www.proinvest.pt\/wp-content\/uploads\/2025\/12\/2148763122.jpg\" \/>\n\t<meta property=\"og:image:width\" content=\"1500\" \/>\n\t<meta property=\"og:image:height\" content=\"1071\" \/>\n\t<meta property=\"og:image:type\" content=\"image\/jpeg\" \/>\n<meta name=\"twitter:card\" content=\"summary_large_image\" \/>\n<meta name=\"twitter:label1\" content=\"Est. reading time\" \/>\n\t<meta name=\"twitter:data1\" content=\"1 minute\" \/>\n<script type=\"application\/ld+json\" class=\"yoast-schema-graph\">{\"@context\":\"https:\/\/schema.org\",\"@graph\":[{\"@type\":\"WebPage\",\"@id\":\"https:\/\/www.proinvest.pt\/restaurante-para-venda\/\",\"url\":\"https:\/\/www.proinvest.pt\/restaurante-para-venda\/\",\"name\":\"Restaurante para Venda | Proinvest\",\"isPartOf\":{\"@id\":\"https:\/\/www.proinvest.pt\/#website\"},\"primaryImageOfPage\":{\"@id\":\"https:\/\/www.proinvest.pt\/restaurante-para-venda\/#primaryimage\"},\"image\":{\"@id\":\"https:\/\/www.proinvest.pt\/restaurante-para-venda\/#primaryimage\"},\"thumbnailUrl\":\"https:\/\/www.proinvest.pt\/wp-content\/uploads\/2025\/12\/2148763122.jpg\",\"datePublished\":\"2025-12-05T10:05:28+00:00\",\"dateModified\":\"2025-12-05T10:10:02+00:00\",\"breadcrumb\":{\"@id\":\"https:\/\/www.proinvest.pt\/restaurante-para-venda\/#breadcrumb\"},\"inLanguage\":\"en-US\",\"potentialAction\":[{\"@type\":\"ReadAction\",\"target\":[\"https:\/\/www.proinvest.pt\/restaurante-para-venda\/\"]}]},{\"@type\":\"ImageObject\",\"inLanguage\":\"en-US\",\"@id\":\"https:\/\/www.proinvest.pt\/restaurante-para-venda\/#primaryimage\",\"url\":\"https:\/\/www.proinvest.pt\/wp-content\/uploads\/2025\/12\/2148763122.jpg\",\"contentUrl\":\"https:\/\/www.proinvest.pt\/wp-content\/uploads\/2025\/12\/2148763122.jpg\",\"width\":1500,\"height\":1071},{\"@type\":\"BreadcrumbList\",\"@id\":\"https:\/\/www.proinvest.pt\/restaurante-para-venda\/#breadcrumb\",\"itemListElement\":[{\"@type\":\"ListItem\",\"position\":1,\"name\":\"In\u00edcio\",\"item\":\"https:\/\/www.proinvest.pt\/\"},{\"@type\":\"ListItem\",\"position\":2,\"name\":\"Loja\",\"item\":\"https:\/\/www.proinvest.pt\/loja\/\"},{\"@type\":\"ListItem\",\"position\":3,\"name\":\"Restaurante para Venda\"}]},{\"@type\":\"WebSite\",\"@id\":\"https:\/\/www.proinvest.pt\/#website\",\"url\":\"https:\/\/www.proinvest.pt\/\",\"name\":\"Proinvest\",\"description\":\"Site exclusivamente para an\u00fancios de venda de neg\u00f3cios e empresas. Aproximamos os propriet\u00e1rios, que pretendem vender o seu neg\u00f3cio a potenciais investidores.\",\"publisher\":{\"@id\":\"https:\/\/www.proinvest.pt\/#organization\"},\"potentialAction\":[{\"@type\":\"SearchAction\",\"target\":{\"@type\":\"EntryPoint\",\"urlTemplate\":\"https:\/\/www.proinvest.pt\/?s={search_term_string}\"},\"query-input\":\"required name=search_term_string\"}],\"inLanguage\":\"en-US\"},{\"@type\":\"Organization\",\"@id\":\"https:\/\/www.proinvest.pt\/#organization\",\"name\":\"Proinvest\",\"url\":\"https:\/\/www.proinvest.pt\/\",\"logo\":{\"@type\":\"ImageObject\",\"inLanguage\":\"en-US\",\"@id\":\"https:\/\/www.proinvest.pt\/#\/schema\/logo\/image\/\",\"url\":\"https:\/\/www.proinvest.pt\/wp-content\/uploads\/2021\/06\/cropped-favicon-inv.webp\",\"contentUrl\":\"https:\/\/www.proinvest.pt\/wp-content\/uploads\/2021\/06\/cropped-favicon-inv.webp\",\"width\":512,\"height\":512,\"caption\":\"Proinvest\"},\"image\":{\"@id\":\"https:\/\/www.proinvest.pt\/#\/schema\/logo\/image\/\"},\"sameAs\":[\"https:\/\/www.facebook.com\/proinvestpt\/\",\"https:\/\/www.instagram.com\/proinvestpt\/\",\"http:\/\/linkedin.com\/company\/proinvestpt\"]}]}<\/script>\n<!-- \/ Yoast SEO plugin. -->","yoast_head_json":{"title":"Restaurante para Venda | Proinvest","robots":{"index":"index","follow":"follow","max-snippet":"max-snippet:-1","max-image-preview":"max-image-preview:large","max-video-preview":"max-video-preview:-1"},"canonical":"https:\/\/www.proinvest.pt\/en\/restaurante-para-venda\/","og_locale":"en_US","og_type":"article","og_title":"Restaurante para Venda | Proinvest","og_description":"Uma oportunidade \u00fanica no Algarve para investidores e empres\u00e1rios que procuram mais do que apenas um restaurante.   Este projeto exclusivo re\u00fane neg\u00f3cio em pleno funcionamento, im\u00f3vel em propriedade total e licen\u00e7as aprovadas para expans\u00e3o, oferecendo um potencial de crescimento diferenciado.     Destaques principais:   Venda total das quotas da Empresa  Im\u00f3vel pr\u00f3prio inclu\u00eddo na venda  Licen\u00e7as aprovadas para amplia\u00e7\u00e3o ou nova constru\u00e7\u00e3o  \u00a0Localiza\u00e7\u00e3o estrat\u00e9gica no Algarve  Neg\u00f3cio chave-na-m\u00e3o, pronto a operar  Elevada margem de crescimento e valoriza\u00e7\u00e3o       Uma excelente oportunidade para iniciar ou expandir um projeto s\u00f3lido na \u00e1rea da restaura\u00e7\u00e3o.","og_url":"https:\/\/www.proinvest.pt\/en\/restaurante-para-venda\/","og_site_name":"Proinvest","article_publisher":"https:\/\/www.facebook.com\/proinvestpt\/","article_modified_time":"2025-12-05T10:10:02+00:00","og_image":[{"width":1500,"height":1071,"url":"https:\/\/www.proinvest.pt\/wp-content\/uploads\/2025\/12\/2148763122.jpg","type":"image\/jpeg"}],"twitter_card":"summary_large_image","twitter_misc":{"Est. reading time":"1 minute"},"schema":{"@context":"https:\/\/schema.org","@graph":[{"@type":"WebPage","@id":"https:\/\/www.proinvest.pt\/restaurante-para-venda\/","url":"https:\/\/www.proinvest.pt\/restaurante-para-venda\/","name":"Restaurante para Venda | Proinvest","isPartOf":{"@id":"https:\/\/www.proinvest.pt\/#website"},"primaryImageOfPage":{"@id":"https:\/\/www.proinvest.pt\/restaurante-para-venda\/#primaryimage"},"image":{"@id":"https:\/\/www.proinvest.pt\/restaurante-para-venda\/#primaryimage"},"thumbnailUrl":"https:\/\/www.proinvest.pt\/wp-content\/uploads\/2025\/12\/2148763122.jpg","datePublished":"2025-12-05T10:05:28+00:00","dateModified":"2025-12-05T10:10:02+00:00","breadcrumb":{"@id":"https:\/\/www.proinvest.pt\/restaurante-para-venda\/#breadcrumb"},"inLanguage":"en-US","potentialAction":[{"@type":"ReadAction","target":["https:\/\/www.proinvest.pt\/restaurante-para-venda\/"]}]},{"@type":"ImageObject","inLanguage":"en-US","@id":"https:\/\/www.proinvest.pt\/restaurante-para-venda\/#primaryimage","url":"https:\/\/www.proinvest.pt\/wp-content\/uploads\/2025\/12\/2148763122.jpg","contentUrl":"https:\/\/www.proinvest.pt\/wp-content\/uploads\/2025\/12\/2148763122.jpg","width":1500,"height":1071},{"@type":"BreadcrumbList","@id":"https:\/\/www.proinvest.pt\/restaurante-para-venda\/#breadcrumb","itemListElement":[{"@type":"ListItem","position":1,"name":"In\u00edcio","item":"https:\/\/www.proinvest.pt\/"},{"@type":"ListItem","position":2,"name":"Loja","item":"https:\/\/www.proinvest.pt\/loja\/"},{"@type":"ListItem","position":3,"name":"Restaurante para Venda"}]},{"@type":"WebSite","@id":"https:\/\/www.proinvest.pt\/#website","url":"https:\/\/www.proinvest.pt\/","name":"Proinvest","description":"Site exclusivamente para an\u00fancios de venda de neg\u00f3cios e empresas. Aproximamos os propriet\u00e1rios, que pretendem vender o seu neg\u00f3cio a potenciais investidores.","publisher":{"@id":"https:\/\/www.proinvest.pt\/#organization"},"potentialAction":[{"@type":"SearchAction","target":{"@type":"EntryPoint","urlTemplate":"https:\/\/www.proinvest.pt\/?s={search_term_string}"},"query-input":"required name=search_term_string"}],"inLanguage":"en-US"},{"@type":"Organization","@id":"https:\/\/www.proinvest.pt\/#organization","name":"Proinvest","url":"https:\/\/www.proinvest.pt\/","logo":{"@type":"ImageObject","inLanguage":"en-US","@id":"https:\/\/www.proinvest.pt\/#\/schema\/logo\/image\/","url":"https:\/\/www.proinvest.pt\/wp-content\/uploads\/2021\/06\/cropped-favicon-inv.webp","contentUrl":"https:\/\/www.proinvest.pt\/wp-content\/uploads\/2021\/06\/cropped-favicon-inv.webp","width":512,"height":512,"caption":"Proinvest"},"image":{"@id":"https:\/\/www.proinvest.pt\/#\/schema\/logo\/image\/"},"sameAs":["https:\/\/www.facebook.com\/proinvestpt\/","https:\/\/www.instagram.com\/proinvestpt\/","http:\/\/linkedin.com\/company\/proinvestpt"]}]}},"_links":{"self":[{"href":"https:\/\/www.proinvest.pt\/en\/wp-json\/wp\/v2\/product\/8525","targetHints":{"allow":["GET"]}}],"collection":[{"href":"https:\/\/www.proinvest.pt\/en\/wp-json\/wp\/v2\/product"}],"about":[{"href":"https:\/\/www.proinvest.pt\/en\/wp-json\/wp\/v2\/types\/product"}],"replies":[{"embeddable":true,"href":"https:\/\/www.proinvest.pt\/en\/wp-json\/wp\/v2\/comments?post=8525"}],"wp:featuredmedia":[{"embeddable":true,"href":"https:\/\/www.proinvest.pt\/en\/wp-json\/wp\/v2\/media\/8526"}],"wp:attachment":[{"href":"https:\/\/www.proinvest.pt\/en\/wp-json\/wp\/v2\/media?parent=8525"}],"wp:term":[{"taxonomy":"product_cat","embeddable":true,"href":"https:\/\/www.proinvest.pt\/en\/wp-json\/wp\/v2\/product_cat?post=8525"},{"taxonomy":"product_tag","embeddable":true,"href":"https:\/\/www.proinvest.pt\/en\/wp-json\/wp\/v2\/product_tag?post=8525"}],"curies":[{"name":"wp","href":"https:\/\/api.w.org\/{rel}","templated":true}]}}