{"id":8542,"date":"2026-03-03T11:30:10","date_gmt":"2026-03-03T11:30:10","guid":{"rendered":"https:\/\/www.proinvest.pt\/?post_type=product&#038;p=8542"},"modified":"2026-03-03T16:26:26","modified_gmt":"2026-03-03T16:26:26","slug":"hotel-para-venda","status":"publish","type":"product","link":"https:\/\/www.proinvest.pt\/en\/hotel-para-venda\/","title":{"rendered":"Hotel para venda"},"content":{"rendered":"<div class=\"x14z9mp xat24cr x1lziwak x1vvkbs xtlvy1s x126k92a\">\n<ul>\n<li dir=\"auto\">Aproximadamente 30 quartos<\/li>\n<li dir=\"auto\">Restaurante com aproximadamente 200 lugares<\/li>\n<li dir=\"auto\">Piscina exterior<\/li>\n<li dir=\"auto\">Possibilidade de amplia\u00e7\u00e3o<\/li>\n<\/ul>\n<div dir=\"auto\"><\/div>\n<\/div>\n<div class=\"x14z9mp xat24cr x1lziwak x1vvkbs xtlvy1s x126k92a\">\n<div dir=\"auto\">Esta \u00e9 uma oportunidade com um enorme potencial de crescimento<\/div>\n<\/div>","protected":false},"excerpt":{"rendered":"<div class=\"x14z9mp xat24cr x1lziwak x1vvkbs xtlvy1s x126k92a\">\n<ul>\n<li dir=\"auto\">Aproximadamente 30 quartos<\/li>\n<li dir=\"auto\">Restaurante com aproximadamente 200 lugares<\/li>\n<li dir=\"auto\">Piscina exterior<\/li>\n<li dir=\"auto\">Possibilidade de amplia\u00e7\u00e3o<\/li>\n<\/ul>\n<div dir=\"auto\"><\/div>\n<\/div>\n<div class=\"x14z9mp xat24cr x1lziwak x1vvkbs xtlvy1s x126k92a\">\n<div dir=\"auto\">Esta \u00e9 uma oportunidade com um enorme potencial de crescimento<\/div>\n<\/div>","protected":false},"featured_media":8544,"comment_status":"open","ping_status":"closed","template":"","meta":{"_acf_changed":false},"product_cat":[217],"product_tag":[],"class_list":{"0":"post-8542","1":"product","2":"type-product","3":"status-publish","4":"has-post-thumbnail","6":"product_cat-sem-categoria","8":"first","9":"instock","10":"shipping-taxable","11":"purchasable","12":"product-type-simple"},"acf":[],"yoast_head":"<!-- This site is optimized with the Yoast SEO plugin v23.2 - https:\/\/yoast.com\/wordpress\/plugins\/seo\/ -->\n<title>Hotel para venda | Proinvest<\/title>\n<meta name=\"robots\" content=\"index, follow, max-snippet:-1, max-image-preview:large, max-video-preview:-1\" \/>\n<link rel=\"canonical\" href=\"https:\/\/www.proinvest.pt\/en\/hotel-para-venda\/\" \/>\n<meta property=\"og:locale\" content=\"en_US\" \/>\n<meta property=\"og:type\" content=\"article\" \/>\n<meta property=\"og:title\" content=\"Hotel para venda | Proinvest\" \/>\n<meta property=\"og:description\" content=\"Aproximadamente 30 quartos  Restaurante com aproximadamente 200 lugares  Piscina exterior  Possibilidade de amplia\u00e7\u00e3o     Esta \u00e9 uma oportunidade com um enorme potencial de crescimento\" \/>\n<meta property=\"og:url\" content=\"https:\/\/www.proinvest.pt\/en\/hotel-para-venda\/\" \/>\n<meta property=\"og:site_name\" content=\"Proinvest\" \/>\n<meta property=\"article:publisher\" content=\"https:\/\/www.facebook.com\/proinvestpt\/\" \/>\n<meta property=\"article:modified_time\" content=\"2026-03-03T16:26:26+00:00\" \/>\n<meta property=\"og:image\" content=\"https:\/\/www.proinvest.pt\/wp-content\/uploads\/2026\/03\/WhatsApp-Image-2026-03-03-at-16.23.51.jpeg\" \/>\n\t<meta property=\"og:image:width\" content=\"896\" \/>\n\t<meta property=\"og:image:height\" content=\"1280\" \/>\n\t<meta property=\"og:image:type\" content=\"image\/jpeg\" \/>\n<meta name=\"twitter:card\" content=\"summary_large_image\" \/>\n<meta name=\"twitter:label1\" content=\"Est. reading time\" \/>\n\t<meta name=\"twitter:data1\" content=\"1 minute\" \/>\n<script type=\"application\/ld+json\" class=\"yoast-schema-graph\">{\"@context\":\"https:\/\/schema.org\",\"@graph\":[{\"@type\":\"WebPage\",\"@id\":\"https:\/\/www.proinvest.pt\/hotel-para-venda\/\",\"url\":\"https:\/\/www.proinvest.pt\/hotel-para-venda\/\",\"name\":\"Hotel para venda | Proinvest\",\"isPartOf\":{\"@id\":\"https:\/\/www.proinvest.pt\/#website\"},\"primaryImageOfPage\":{\"@id\":\"https:\/\/www.proinvest.pt\/hotel-para-venda\/#primaryimage\"},\"image\":{\"@id\":\"https:\/\/www.proinvest.pt\/hotel-para-venda\/#primaryimage\"},\"thumbnailUrl\":\"https:\/\/www.proinvest.pt\/wp-content\/uploads\/2026\/03\/WhatsApp-Image-2026-03-03-at-16.23.51.jpeg\",\"datePublished\":\"2026-03-03T11:30:10+00:00\",\"dateModified\":\"2026-03-03T16:26:26+00:00\",\"breadcrumb\":{\"@id\":\"https:\/\/www.proinvest.pt\/hotel-para-venda\/#breadcrumb\"},\"inLanguage\":\"en-US\",\"potentialAction\":[{\"@type\":\"ReadAction\",\"target\":[\"https:\/\/www.proinvest.pt\/hotel-para-venda\/\"]}]},{\"@type\":\"ImageObject\",\"inLanguage\":\"en-US\",\"@id\":\"https:\/\/www.proinvest.pt\/hotel-para-venda\/#primaryimage\",\"url\":\"https:\/\/www.proinvest.pt\/wp-content\/uploads\/2026\/03\/WhatsApp-Image-2026-03-03-at-16.23.51.jpeg\",\"contentUrl\":\"https:\/\/www.proinvest.pt\/wp-content\/uploads\/2026\/03\/WhatsApp-Image-2026-03-03-at-16.23.51.jpeg\",\"width\":896,\"height\":1280},{\"@type\":\"BreadcrumbList\",\"@id\":\"https:\/\/www.proinvest.pt\/hotel-para-venda\/#breadcrumb\",\"itemListElement\":[{\"@type\":\"ListItem\",\"position\":1,\"name\":\"In\u00edcio\",\"item\":\"https:\/\/www.proinvest.pt\/\"},{\"@type\":\"ListItem\",\"position\":2,\"name\":\"Loja\",\"item\":\"https:\/\/www.proinvest.pt\/loja\/\"},{\"@type\":\"ListItem\",\"position\":3,\"name\":\"Hotel para venda\"}]},{\"@type\":\"WebSite\",\"@id\":\"https:\/\/www.proinvest.pt\/#website\",\"url\":\"https:\/\/www.proinvest.pt\/\",\"name\":\"Proinvest\",\"description\":\"Site exclusivamente para an\u00fancios de venda de neg\u00f3cios e empresas. Aproximamos os propriet\u00e1rios, que pretendem vender o seu neg\u00f3cio a potenciais investidores.\",\"publisher\":{\"@id\":\"https:\/\/www.proinvest.pt\/#organization\"},\"potentialAction\":[{\"@type\":\"SearchAction\",\"target\":{\"@type\":\"EntryPoint\",\"urlTemplate\":\"https:\/\/www.proinvest.pt\/?s={search_term_string}\"},\"query-input\":\"required name=search_term_string\"}],\"inLanguage\":\"en-US\"},{\"@type\":\"Organization\",\"@id\":\"https:\/\/www.proinvest.pt\/#organization\",\"name\":\"Proinvest\",\"url\":\"https:\/\/www.proinvest.pt\/\",\"logo\":{\"@type\":\"ImageObject\",\"inLanguage\":\"en-US\",\"@id\":\"https:\/\/www.proinvest.pt\/#\/schema\/logo\/image\/\",\"url\":\"https:\/\/www.proinvest.pt\/wp-content\/uploads\/2021\/06\/cropped-favicon-inv.webp\",\"contentUrl\":\"https:\/\/www.proinvest.pt\/wp-content\/uploads\/2021\/06\/cropped-favicon-inv.webp\",\"width\":512,\"height\":512,\"caption\":\"Proinvest\"},\"image\":{\"@id\":\"https:\/\/www.proinvest.pt\/#\/schema\/logo\/image\/\"},\"sameAs\":[\"https:\/\/www.facebook.com\/proinvestpt\/\",\"https:\/\/www.instagram.com\/proinvestpt\/\",\"http:\/\/linkedin.com\/company\/proinvestpt\"]}]}<\/script>\n<!-- \/ Yoast SEO plugin. -->","yoast_head_json":{"title":"Hotel para venda | Proinvest","robots":{"index":"index","follow":"follow","max-snippet":"max-snippet:-1","max-image-preview":"max-image-preview:large","max-video-preview":"max-video-preview:-1"},"canonical":"https:\/\/www.proinvest.pt\/en\/hotel-para-venda\/","og_locale":"en_US","og_type":"article","og_title":"Hotel para venda | Proinvest","og_description":"Aproximadamente 30 quartos  Restaurante com aproximadamente 200 lugares  Piscina exterior  Possibilidade de amplia\u00e7\u00e3o     Esta \u00e9 uma oportunidade com um enorme potencial de crescimento","og_url":"https:\/\/www.proinvest.pt\/en\/hotel-para-venda\/","og_site_name":"Proinvest","article_publisher":"https:\/\/www.facebook.com\/proinvestpt\/","article_modified_time":"2026-03-03T16:26:26+00:00","og_image":[{"width":896,"height":1280,"url":"https:\/\/www.proinvest.pt\/wp-content\/uploads\/2026\/03\/WhatsApp-Image-2026-03-03-at-16.23.51.jpeg","type":"image\/jpeg"}],"twitter_card":"summary_large_image","twitter_misc":{"Est. reading time":"1 minute"},"schema":{"@context":"https:\/\/schema.org","@graph":[{"@type":"WebPage","@id":"https:\/\/www.proinvest.pt\/hotel-para-venda\/","url":"https:\/\/www.proinvest.pt\/hotel-para-venda\/","name":"Hotel para venda | Proinvest","isPartOf":{"@id":"https:\/\/www.proinvest.pt\/#website"},"primaryImageOfPage":{"@id":"https:\/\/www.proinvest.pt\/hotel-para-venda\/#primaryimage"},"image":{"@id":"https:\/\/www.proinvest.pt\/hotel-para-venda\/#primaryimage"},"thumbnailUrl":"https:\/\/www.proinvest.pt\/wp-content\/uploads\/2026\/03\/WhatsApp-Image-2026-03-03-at-16.23.51.jpeg","datePublished":"2026-03-03T11:30:10+00:00","dateModified":"2026-03-03T16:26:26+00:00","breadcrumb":{"@id":"https:\/\/www.proinvest.pt\/hotel-para-venda\/#breadcrumb"},"inLanguage":"en-US","potentialAction":[{"@type":"ReadAction","target":["https:\/\/www.proinvest.pt\/hotel-para-venda\/"]}]},{"@type":"ImageObject","inLanguage":"en-US","@id":"https:\/\/www.proinvest.pt\/hotel-para-venda\/#primaryimage","url":"https:\/\/www.proinvest.pt\/wp-content\/uploads\/2026\/03\/WhatsApp-Image-2026-03-03-at-16.23.51.jpeg","contentUrl":"https:\/\/www.proinvest.pt\/wp-content\/uploads\/2026\/03\/WhatsApp-Image-2026-03-03-at-16.23.51.jpeg","width":896,"height":1280},{"@type":"BreadcrumbList","@id":"https:\/\/www.proinvest.pt\/hotel-para-venda\/#breadcrumb","itemListElement":[{"@type":"ListItem","position":1,"name":"In\u00edcio","item":"https:\/\/www.proinvest.pt\/"},{"@type":"ListItem","position":2,"name":"Loja","item":"https:\/\/www.proinvest.pt\/loja\/"},{"@type":"ListItem","position":3,"name":"Hotel para venda"}]},{"@type":"WebSite","@id":"https:\/\/www.proinvest.pt\/#website","url":"https:\/\/www.proinvest.pt\/","name":"Proinvest","description":"Site exclusivamente para an\u00fancios de venda de neg\u00f3cios e empresas. Aproximamos os propriet\u00e1rios, que pretendem vender o seu neg\u00f3cio a potenciais investidores.","publisher":{"@id":"https:\/\/www.proinvest.pt\/#organization"},"potentialAction":[{"@type":"SearchAction","target":{"@type":"EntryPoint","urlTemplate":"https:\/\/www.proinvest.pt\/?s={search_term_string}"},"query-input":"required name=search_term_string"}],"inLanguage":"en-US"},{"@type":"Organization","@id":"https:\/\/www.proinvest.pt\/#organization","name":"Proinvest","url":"https:\/\/www.proinvest.pt\/","logo":{"@type":"ImageObject","inLanguage":"en-US","@id":"https:\/\/www.proinvest.pt\/#\/schema\/logo\/image\/","url":"https:\/\/www.proinvest.pt\/wp-content\/uploads\/2021\/06\/cropped-favicon-inv.webp","contentUrl":"https:\/\/www.proinvest.pt\/wp-content\/uploads\/2021\/06\/cropped-favicon-inv.webp","width":512,"height":512,"caption":"Proinvest"},"image":{"@id":"https:\/\/www.proinvest.pt\/#\/schema\/logo\/image\/"},"sameAs":["https:\/\/www.facebook.com\/proinvestpt\/","https:\/\/www.instagram.com\/proinvestpt\/","http:\/\/linkedin.com\/company\/proinvestpt"]}]}},"_links":{"self":[{"href":"https:\/\/www.proinvest.pt\/en\/wp-json\/wp\/v2\/product\/8542","targetHints":{"allow":["GET"]}}],"collection":[{"href":"https:\/\/www.proinvest.pt\/en\/wp-json\/wp\/v2\/product"}],"about":[{"href":"https:\/\/www.proinvest.pt\/en\/wp-json\/wp\/v2\/types\/product"}],"replies":[{"embeddable":true,"href":"https:\/\/www.proinvest.pt\/en\/wp-json\/wp\/v2\/comments?post=8542"}],"wp:featuredmedia":[{"embeddable":true,"href":"https:\/\/www.proinvest.pt\/en\/wp-json\/wp\/v2\/media\/8544"}],"wp:attachment":[{"href":"https:\/\/www.proinvest.pt\/en\/wp-json\/wp\/v2\/media?parent=8542"}],"wp:term":[{"taxonomy":"product_cat","embeddable":true,"href":"https:\/\/www.proinvest.pt\/en\/wp-json\/wp\/v2\/product_cat?post=8542"},{"taxonomy":"product_tag","embeddable":true,"href":"https:\/\/www.proinvest.pt\/en\/wp-json\/wp\/v2\/product_tag?post=8542"}],"curies":[{"name":"wp","href":"https:\/\/api.w.org\/{rel}","templated":true}]}}